{"id":13523,"date":"2021-10-18T18:02:11","date_gmt":"2021-10-18T16:02:11","guid":{"rendered":"https:\/\/careclean24.de\/?page_id=13523"},"modified":"2022-07-01T13:01:13","modified_gmt":"2022-07-01T11:01:13","slug":"agb","status":"publish","type":"page","link":"https:\/\/careclean24.de\/en\/agb\/","title":{"rendered":"AGB"},"content":{"rendered":"<div data-elementor-type=\"wp-page\" data-elementor-id=\"13523\" class=\"elementor elementor-13523\">\n\t\t\t\t\t\t<section class=\"elementor-section elementor-top-section elementor-element elementor-element-2f63bfc9 elementor-section-content-middle elementor-section-boxed elementor-section-height-default elementor-section-height-default\" data-id=\"2f63bfc9\" data-element_type=\"section\" data-e-type=\"section\" data-settings=\"{&quot;background_background&quot;:&quot;classic&quot;}\">\n\t\t\t\t\t\t\t<div class=\"elementor-background-overlay\"><\/div>\n\t\t\t\t\t\t\t<div class=\"elementor-container elementor-column-gap-no\">\n\t\t\t\t\t<div class=\"elementor-column elementor-col-100 elementor-top-column elementor-element elementor-element-488f58e0\" data-id=\"488f58e0\" data-element_type=\"column\" data-e-type=\"column\">\n\t\t\t<div class=\"elementor-widget-wrap elementor-element-populated\">\n\t\t\t\t\t\t<div class=\"elementor-element elementor-element-78b4f8ac elementor-widget elementor-widget-heading\" data-id=\"78b4f8ac\" data-element_type=\"widget\" data-e-type=\"widget\" data-widget_type=\"heading.default\">\n\t\t\t\t<div class=\"elementor-widget-container\">\n\t\t\t\t\t<h1 class=\"elementor-heading-title elementor-size-default\">AGB<\/h1>\t\t\t\t<\/div>\n\t\t\t\t<\/div>\n\t\t\t\t\t<\/div>\n\t\t<\/div>\n\t\t\t\t\t<\/div>\n\t\t<\/section>\n\t\t\t\t<section class=\"elementor-section elementor-top-section elementor-element elementor-element-191bd71 elementor-section-boxed elementor-section-height-default elementor-section-height-default\" data-id=\"191bd71\" data-element_type=\"section\" data-e-type=\"section\">\n\t\t\t\t\t\t<div class=\"elementor-container elementor-column-gap-no\">\n\t\t\t\t\t<div class=\"elementor-column elementor-col-100 elementor-top-column elementor-element elementor-element-228f343d\" data-id=\"228f343d\" data-element_type=\"column\" data-e-type=\"column\" data-settings=\"{&quot;background_background&quot;:&quot;classic&quot;}\">\n\t\t\t<div class=\"elementor-widget-wrap elementor-element-populated\">\n\t\t\t\t\t\t<div class=\"elementor-element elementor-element-78c0287c elementor-widget elementor-widget-heading\" data-id=\"78c0287c\" data-element_type=\"widget\" data-e-type=\"widget\" data-widget_type=\"heading.default\">\n\t\t\t\t<div class=\"elementor-widget-container\">\n\t\t\t\t\t<h3 class=\"elementor-heading-title elementor-size-default\">Allgemeine Gesch\u00e4ftsbedingungen<\/h3>\t\t\t\t<\/div>\n\t\t\t\t<\/div>\n\t\t\t\t<div class=\"elementor-element elementor-element-803b2d9 elementor-widget elementor-widget-text-editor\" data-id=\"803b2d9\" data-element_type=\"widget\" data-e-type=\"widget\" data-widget_type=\"text-editor.default\">\n\t\t\t\t<div class=\"elementor-widget-container\">\n\t\t\t\t\t\t\t\t\t<p><strong>Inhaltsverzeichnis<\/strong><\/p><p>Geltungsbereich<br \/>Vertragsschluss<br \/>Widerrufsrecht<br \/>Stornierung von Terminvereinbarungen<br \/>Preise und Zahlungsbedingungen<br \/>Vertragsdauer und Vertragsbeendigung bei Dauerschuldverh\u00e4ltnissen<br \/>M\u00e4ngelhaftung<br \/>Anwendbares Recht<br \/>Alternative Streitbeilegung<br \/>Verhaltenskodex<\/p><p><strong>1) Geltungsbereich<\/strong><\/p><p>1.1 Diese Allgemeinen Gesch\u00e4ftsbedingungen (nachfolgend \u201cAGB\u201d) des Melanie Kamberoglu (nachfolgend \u201cVerk\u00e4ufer\u201d), gelten f\u00fcr alle Vertr\u00e4ge zur Erbringung von Dienstleistungen, die ein Verbraucher oder Unternehmer (nachfolgend \u201eKunde\u201c) mit dem Anbieter hinsichtlich der vom Anbieter auf seiner Website dargestellten Leistungen abschlie\u00dft. Hiermit wird der Einbeziehung von eigenen Bedingungen des Kunden widersprochen, es sei denn, es ist etwas anderes vereinbart.<\/p><p>1.2 Verbraucher im Sinne dieser AGB ist jede nat\u00fcrliche Person, die ein Rechtsgesch\u00e4ft zu Zwecken abschlie\u00dft, die \u00fcberwiegend weder ihrer gewerblichen noch ihrer selbst\u00e4ndigen beruflichen T\u00e4tigkeit zugerechnet werden k\u00f6nnen. Unternehmer im Sinne dieser AGB ist eine nat\u00fcrliche oder juristische Person oder eine rechtsf\u00e4hige Personengesellschaft, die bei Abschluss eines Rechtsgesch\u00e4fts in Aus\u00fcbung ihrer gewerblichen oder selbst\u00e4ndigen beruflichen T\u00e4tigkeit handelt.<\/p><p><strong>2) Vertragsschluss<\/strong><\/p><p>Der Kunde kann per Telefon, Fax, E-Mail, Brief oder \u00fcber das auf der Website des Anbieters vorgehaltene Online-Kontaktformular eine unverbindliche Anfrage auf Abgabe eines Angebots an den Anbieter richten. Der Anbieter l\u00e4sst dem Kunden auf dessen Anfrage hin per E-Mail, Fax oder Brief, ein verbindliches Angebot zur Erbringung der vom Kunden zuvor ausgew\u00e4hlten Dienstleistung zukommen. Dieses Angebot kann der Kunde durch eine gegen\u00fcber dem Anbieter abzugebende Annahmeerkl\u00e4rung per Fax, E-Mail oder Brief oder durch Zahlung der vom Anbieter angebotenen Verg\u00fctung innerhalb von 7 (sieben) Tagen ab Zugang des Angebots annehmen, wobei f\u00fcr die Berechnung der Frist der Tag des Angebotszugangs nicht mitgerechnet wird. F\u00fcr die Annahme durch Zahlung ist der Tag des Zahlungseingangs beim Anbieter ma\u00dfgeblich. F\u00e4llt der letzte Tag der Frist zur Annahme des Angebots auf einen Samstag, Sonntag, oder einen am Sitz des Kunden staatlich anerkannten allgemeinen Feiertag, so tritt an die Stelle eines solchen Tages der n\u00e4chste Werktag. Nimmt der Kunde das Angebot des Anbieters innerhalb der vorgenannten Frist nicht an, so ist der Anbieter nicht mehr an sein Angebot gebunden. Hierauf wird der Anbieter den Kunden in seinem Angebot nochmals besonders hinweisen.<\/p><p><strong>3) Widerrufsrecht<\/strong><\/p><p>Verbrauchern steht grunds\u00e4tzlich ein Widerrufsrecht zu. N\u00e4here Informationen zum Widerrufsrecht ergeben sich aus der Widerrufsbelehrung des Anbieters.<\/p><p><strong>4) Stornierung von Terminvereinbarungen<\/strong><\/p><p>4.1 Unabh\u00e4ngig von einem ggf. bestehenden gesetzlichen Widerrufsrecht r\u00e4umt der Anbieter dem Kunden das Recht ein, seine Terminvereinbarung f\u00fcr eine Leistung des Anbieters nach folgender Ma\u00dfgabe kostenfrei zu stornieren (vertragliches R\u00fccktrittsrecht):<\/p><p>4.2 Der Kunde kann seine Terminvereinbarung bis zu 3 Tage vor Beginn der gebuchten Leistung ohne Angabe von Gr\u00fcnden durch eine gegen\u00fcber dem Anbieter in Textform (z. B. E-Mail) abzugebende Erkl\u00e4rung stornieren. F\u00fcr die Einhaltung der Stornierungsfrist ist der Zugang der Erkl\u00e4rung beim Anbieter ma\u00dfgeblich. Storniert der Kunde seine Terminvereinbarung fristgerecht, so wird der Anbieter ihm ein ggf. bereits gezahltes Entgelt innerhalb einer Frist von zwei Wochen ab Zugang seiner Erkl\u00e4rung vollst\u00e4ndig zur\u00fcckerstatten. Hierf\u00fcr kann der Anbieter das gleiche Zahlungsmittel verwenden, welches der Kunde f\u00fcr seine Zahlung an den Anbieter verwendet hat.<\/p><p>4.3 Ein ggf. bestehendes gesetzliches Widerrufsrecht des Kunden wird durch das vorstehend geregelte R\u00fccktrittsrecht nicht eingeschr\u00e4nkt.<\/p><p><strong>5) Preise und Zahlungsbedingungen<\/strong><\/p><p>Sofern sich aus der Leistungsbeschreibung des Anbieters nichts anderes ergibt, handelt es sich bei den angegebenen Preisen um Gesamtpreise, die die gesetzliche Umsatzsteuer enthalten.<\/p><p><strong>6) Vertragsdauer und Vertragsbeendigung bei Dauerschuldverh\u00e4ltnissen<\/strong><\/p><p>6.1 Informationen zu Vertragsdauer und Vertragsbeendigung, insbesondere zu den K\u00fcndigungsmodalit\u00e4ten bei Dienstleistungen, die im Rahmen von Dauerschuldverh\u00e4ltnissen erbracht werden, werden dem Kunden im Rahmen der jeweiligen Leistungsbeschreibung auf der Website des Anbieters mitgeteilt.<\/p><p>6.2 Das Recht zur au\u00dferordentlichen K\u00fcndigung aus wichtigem Grund bleibt unber\u00fchrt. Ein wichtiger Grund liegt vor, wenn dem k\u00fcndigenden Teil unter Ber\u00fccksichtigung aller Umst\u00e4nde des Einzelfalls und unter Abw\u00e4gung der beiderseitigen Interessen die Fortsetzung des Vertragsverh\u00e4ltnisses bis zur vereinbarten Beendigung oder bis zum Ablauf einer K\u00fcndigungsfrist nicht zugemutet werden kann.<\/p><p>6.3 K\u00fcndigungen haben schriftlich oder in Textform (z. B. per E-Mail) zu erfolgen.<\/p><p><strong>7) M\u00e4ngelhaftung<\/strong><\/p><p>F\u00fcr M\u00e4ngel der erbrachten Leistung haftet der Anbieter nach den Vorschriften der gesetzlichen M\u00e4ngelhaftung.<\/p><p><strong>8) Anwendbares Recht<\/strong><\/p><p>8.1 F\u00fcr s\u00e4mtliche Rechtsbeziehungen der Parteien gilt das Recht der Bundesrepublik Deutschland unter Ausschluss der Gesetze \u00fcber den internationalen Kauf beweglicher Waren. Bei Verbrauchern gilt diese Rechtswahl nur insoweit, als nicht der gew\u00e4hrte Schutz durch zwingende Bestimmungen des Rechts des Staates, in dem der Verbraucher seinen gew\u00f6hnlichen Aufenthalt hat, entzogen wird.<\/p><p>8.2 Ferner gilt diese Rechtswahl im Hinblick auf das gesetzliche Widerrufsrecht nicht bei Verbrauchern, die zum Zeitpunkt des Vertragsschlusses keinem Mitgliedstaat der Europ\u00e4ischen Union angeh\u00f6ren und deren alleiniger Wohnsitz und Lieferadresse zum Zeitpunkt des Vertragsschlusses au\u00dferhalb der Europ\u00e4ischen Union liegen.<\/p><p><strong>9) Alternative Streitbeilegung<\/strong><\/p><p>9.1 Die EU-Kommission stellt im Internet unter folgendem Link eine Plattform zur Online-Streitbeilegung bereit: https:\/\/ec.europa.eu\/consumers\/odr<\/p><p>Diese Plattform dient als Anlaufstelle zur au\u00dfergerichtlichen Beilegung von Streitigkeiten aus Online-Kauf- oder Dienstleistungsvertr\u00e4gen, an denen ein Verbraucher beteiligt ist.<\/p><p>9.2 Der Anbieter ist zur Teilnahme an einem Streitbeilegungsverfahren vor einer Verbraucherschlichtungsstelle weder verpflichtet noch bereit.<\/p>\t\t\t\t\t\t\t\t<\/div>\n\t\t\t\t<\/div>\n\t\t\t\t\t<\/div>\n\t\t<\/div>\n\t\t\t\t\t<\/div>\n\t\t<\/section>\n\t\t\t\t<\/div>","protected":false},"excerpt":{"rendered":"<p>AGB Allgemeine Gesch\u00e4ftsbedingungen Inhaltsverzeichnis GeltungsbereichVertragsschlussWiderrufsrechtStornierung von TerminvereinbarungenPreise und ZahlungsbedingungenVertragsdauer und Vertragsbeendigung bei Dauerschuldverh\u00e4ltnissenM\u00e4ngelhaftungAnwendbares RechtAlternative StreitbeilegungVerhaltenskodex 1) Geltungsbereich 1.1 Diese Allgemeinen Gesch\u00e4ftsbedingungen (nachfolgend \u201cAGB\u201d) des Melanie Kamberoglu (nachfolgend \u201cVerk\u00e4ufer\u201d), gelten f\u00fcr alle Vertr\u00e4ge zur Erbringung von Dienstleistungen, die ein Verbraucher oder Unternehmer (nachfolgend \u201eKunde\u201c) mit dem Anbieter hinsichtlich der vom Anbieter auf seiner Website dargestellten Leistungen [&hellip;]<\/p>\n","protected":false},"author":3,"featured_media":0,"parent":0,"menu_order":0,"comment_status":"closed","ping_status":"closed","template":"","meta":{"site-sidebar-layout":"no-sidebar","site-content-layout":"page-builder","ast-site-content-layout":"default","site-content-style":"default","site-sidebar-style":"default","ast-global-header-display":"","ast-banner-title-visibility":"","ast-main-header-display":"","ast-hfb-above-header-display":"","ast-hfb-below-header-display":"","ast-hfb-mobile-header-display":"","site-post-title":"disabled","ast-breadcrumbs-content":"","ast-featured-img":"disabled","footer-sml-layout":"","ast-disable-related-posts":"","theme-transparent-header-meta":"default","adv-header-id-meta":"","stick-header-meta":"","header-above-stick-meta":"","header-main-stick-meta":"","header-below-stick-meta":"","astra-migrate-meta-layouts":"default","ast-page-background-enabled":"default","ast-page-background-meta":{"desktop":{"background-color":"","background-image":"","background-repeat":"repeat","background-position":"center center","background-size":"auto","background-attachment":"scroll","background-type":"","background-media":"","overlay-type":"","overlay-color":"","overlay-opacity":"","overlay-gradient":""},"tablet":{"background-color":"","background-image":"","background-repeat":"repeat","background-position":"center center","background-size":"auto","background-attachment":"scroll","background-type":"","background-media":"","overlay-type":"","overlay-color":"","overlay-opacity":"","overlay-gradient":""},"mobile":{"background-color":"","background-image":"","background-repeat":"repeat","background-position":"center center","background-size":"auto","background-attachment":"scroll","background-type":"","background-media":"","overlay-type":"","overlay-color":"","overlay-opacity":"","overlay-gradient":""}},"ast-content-background-meta":{"desktop":{"background-color":"var(--ast-global-color-5)","background-image":"","background-repeat":"repeat","background-position":"center center","background-size":"auto","background-attachment":"scroll","background-type":"","background-media":"","overlay-type":"","overlay-color":"","overlay-opacity":"","overlay-gradient":""},"tablet":{"background-color":"var(--ast-global-color-5)","background-image":"","background-repeat":"repeat","background-position":"center center","background-size":"auto","background-attachment":"scroll","background-type":"","background-media":"","overlay-type":"","overlay-color":"","overlay-opacity":"","overlay-gradient":""},"mobile":{"background-color":"var(--ast-global-color-5)","background-image":"","background-repeat":"repeat","background-position":"center center","background-size":"auto","background-attachment":"scroll","background-type":"","background-media":"","overlay-type":"","overlay-color":"","overlay-opacity":"","overlay-gradient":""}},"footnotes":""},"class_list":["post-13523","page","type-page","status-publish","hentry"],"yoast_head":"<!-- This site is optimized with the Yoast SEO plugin v27.3 - https:\/\/yoast.com\/product\/yoast-seo-wordpress\/ -->\n<title>AGB | Careclean24<\/title>\n<meta name=\"robots\" content=\"index, follow, max-snippet:-1, max-image-preview:large, max-video-preview:-1\" \/>\n<link rel=\"canonical\" href=\"https:\/\/careclean24.de\/en\/agb\/\" \/>\n<meta property=\"og:locale\" content=\"en_US\" \/>\n<meta property=\"og:type\" content=\"article\" \/>\n<meta property=\"og:title\" content=\"AGB | Careclean24\" \/>\n<meta property=\"og:description\" content=\"AGB Allgemeine Gesch\u00e4ftsbedingungen Inhaltsverzeichnis GeltungsbereichVertragsschlussWiderrufsrechtStornierung von TerminvereinbarungenPreise und ZahlungsbedingungenVertragsdauer und Vertragsbeendigung bei Dauerschuldverh\u00e4ltnissenM\u00e4ngelhaftungAnwendbares RechtAlternative StreitbeilegungVerhaltenskodex 1) Geltungsbereich 1.1 Diese Allgemeinen Gesch\u00e4ftsbedingungen (nachfolgend \u201cAGB\u201d) des Melanie Kamberoglu (nachfolgend \u201cVerk\u00e4ufer\u201d), gelten f\u00fcr alle Vertr\u00e4ge zur Erbringung von Dienstleistungen, die ein Verbraucher oder Unternehmer (nachfolgend \u201eKunde\u201c) mit dem Anbieter hinsichtlich der vom Anbieter auf seiner Website dargestellten Leistungen [&hellip;]\" \/>\n<meta property=\"og:url\" content=\"https:\/\/careclean24.de\/en\/agb\/\" \/>\n<meta property=\"og:site_name\" content=\"Careclean24\" \/>\n<meta property=\"article:publisher\" content=\"https:\/\/www.facebook.com\/careclean24\" \/>\n<meta property=\"article:modified_time\" content=\"2022-07-01T11:01:13+00:00\" \/>\n<meta property=\"og:image\" content=\"https:\/\/careclean24.de\/wp-content\/uploads\/2023\/04\/20230426_160908-scaled.jpg\" \/>\n\t<meta property=\"og:image:width\" content=\"2560\" \/>\n\t<meta property=\"og:image:height\" content=\"1920\" \/>\n\t<meta property=\"og:image:type\" content=\"image\/jpeg\" \/>\n<meta name=\"twitter:card\" content=\"summary_large_image\" \/>\n<meta name=\"twitter:label1\" content=\"Est. reading time\" \/>\n\t<meta name=\"twitter:data1\" content=\"5 minutes\" \/>\n<script type=\"application\/ld+json\" class=\"yoast-schema-graph\">{\"@context\":\"https:\\\/\\\/schema.org\",\"@graph\":[{\"@type\":\"WebPage\",\"@id\":\"https:\\\/\\\/careclean24.de\\\/agb\\\/\",\"url\":\"https:\\\/\\\/careclean24.de\\\/agb\\\/\",\"name\":\"AGB | Careclean24\",\"isPartOf\":{\"@id\":\"https:\\\/\\\/careclean24.de\\\/#website\"},\"datePublished\":\"2021-10-18T16:02:11+00:00\",\"dateModified\":\"2022-07-01T11:01:13+00:00\",\"breadcrumb\":{\"@id\":\"https:\\\/\\\/careclean24.de\\\/agb\\\/#breadcrumb\"},\"inLanguage\":\"en-US\",\"potentialAction\":[{\"@type\":\"ReadAction\",\"target\":[\"https:\\\/\\\/careclean24.de\\\/agb\\\/\"]}]},{\"@type\":\"BreadcrumbList\",\"@id\":\"https:\\\/\\\/careclean24.de\\\/agb\\\/#breadcrumb\",\"itemListElement\":[{\"@type\":\"ListItem\",\"position\":1,\"name\":\"Startseite\",\"item\":\"https:\\\/\\\/careclean24.de\\\/\"},{\"@type\":\"ListItem\",\"position\":2,\"name\":\"AGB\"}]},{\"@type\":\"WebSite\",\"@id\":\"https:\\\/\\\/careclean24.de\\\/#website\",\"url\":\"https:\\\/\\\/careclean24.de\\\/\",\"name\":\"Careclean24\",\"description\":\"Keramikversiegelung | Neuwagenversiegelung | PCS Cleaning\",\"publisher\":{\"@id\":\"https:\\\/\\\/careclean24.de\\\/#organization\"},\"potentialAction\":[{\"@type\":\"SearchAction\",\"target\":{\"@type\":\"EntryPoint\",\"urlTemplate\":\"https:\\\/\\\/careclean24.de\\\/?s={search_term_string}\"},\"query-input\":{\"@type\":\"PropertyValueSpecification\",\"valueRequired\":true,\"valueName\":\"search_term_string\"}}],\"inLanguage\":\"en-US\"},{\"@type\":\"Organization\",\"@id\":\"https:\\\/\\\/careclean24.de\\\/#organization\",\"name\":\"Careclean24\",\"url\":\"https:\\\/\\\/careclean24.de\\\/\",\"logo\":{\"@type\":\"ImageObject\",\"inLanguage\":\"en-US\",\"@id\":\"https:\\\/\\\/careclean24.de\\\/#\\\/schema\\\/logo\\\/image\\\/\",\"url\":\"https:\\\/\\\/careclean24.de\\\/wp-content\\\/uploads\\\/2021\\\/10\\\/favicon.png\",\"contentUrl\":\"https:\\\/\\\/careclean24.de\\\/wp-content\\\/uploads\\\/2021\\\/10\\\/favicon.png\",\"width\":400,\"height\":400,\"caption\":\"Careclean24\"},\"image\":{\"@id\":\"https:\\\/\\\/careclean24.de\\\/#\\\/schema\\\/logo\\\/image\\\/\"},\"sameAs\":[\"https:\\\/\\\/www.facebook.com\\\/careclean24\",\"https:\\\/\\\/www.instagram.com\\\/careclean24\"]}]}<\/script>\n<!-- \/ Yoast SEO plugin. -->","yoast_head_json":{"title":"AGB | Careclean24","robots":{"index":"index","follow":"follow","max-snippet":"max-snippet:-1","max-image-preview":"max-image-preview:large","max-video-preview":"max-video-preview:-1"},"canonical":"https:\/\/careclean24.de\/en\/agb\/","og_locale":"en_US","og_type":"article","og_title":"AGB | Careclean24","og_description":"AGB Allgemeine Gesch\u00e4ftsbedingungen Inhaltsverzeichnis GeltungsbereichVertragsschlussWiderrufsrechtStornierung von TerminvereinbarungenPreise und ZahlungsbedingungenVertragsdauer und Vertragsbeendigung bei Dauerschuldverh\u00e4ltnissenM\u00e4ngelhaftungAnwendbares RechtAlternative StreitbeilegungVerhaltenskodex 1) Geltungsbereich 1.1 Diese Allgemeinen Gesch\u00e4ftsbedingungen (nachfolgend \u201cAGB\u201d) des Melanie Kamberoglu (nachfolgend \u201cVerk\u00e4ufer\u201d), gelten f\u00fcr alle Vertr\u00e4ge zur Erbringung von Dienstleistungen, die ein Verbraucher oder Unternehmer (nachfolgend \u201eKunde\u201c) mit dem Anbieter hinsichtlich der vom Anbieter auf seiner Website dargestellten Leistungen [&hellip;]","og_url":"https:\/\/careclean24.de\/en\/agb\/","og_site_name":"Careclean24","article_publisher":"https:\/\/www.facebook.com\/careclean24","article_modified_time":"2022-07-01T11:01:13+00:00","og_image":[{"width":2560,"height":1920,"url":"https:\/\/careclean24.de\/wp-content\/uploads\/2023\/04\/20230426_160908-scaled.jpg","type":"image\/jpeg"}],"twitter_card":"summary_large_image","twitter_misc":{"Est. reading time":"5 minutes"},"schema":{"@context":"https:\/\/schema.org","@graph":[{"@type":"WebPage","@id":"https:\/\/careclean24.de\/agb\/","url":"https:\/\/careclean24.de\/agb\/","name":"AGB | Careclean24","isPartOf":{"@id":"https:\/\/careclean24.de\/#website"},"datePublished":"2021-10-18T16:02:11+00:00","dateModified":"2022-07-01T11:01:13+00:00","breadcrumb":{"@id":"https:\/\/careclean24.de\/agb\/#breadcrumb"},"inLanguage":"en-US","potentialAction":[{"@type":"ReadAction","target":["https:\/\/careclean24.de\/agb\/"]}]},{"@type":"BreadcrumbList","@id":"https:\/\/careclean24.de\/agb\/#breadcrumb","itemListElement":[{"@type":"ListItem","position":1,"name":"Startseite","item":"https:\/\/careclean24.de\/"},{"@type":"ListItem","position":2,"name":"AGB"}]},{"@type":"WebSite","@id":"https:\/\/careclean24.de\/#website","url":"https:\/\/careclean24.de\/","name":"Careclean24","description":"Keramikversiegelung | Neuwagenversiegelung | PCS Cleaning","publisher":{"@id":"https:\/\/careclean24.de\/#organization"},"potentialAction":[{"@type":"SearchAction","target":{"@type":"EntryPoint","urlTemplate":"https:\/\/careclean24.de\/?s={search_term_string}"},"query-input":{"@type":"PropertyValueSpecification","valueRequired":true,"valueName":"search_term_string"}}],"inLanguage":"en-US"},{"@type":"Organization","@id":"https:\/\/careclean24.de\/#organization","name":"Careclean24","url":"https:\/\/careclean24.de\/","logo":{"@type":"ImageObject","inLanguage":"en-US","@id":"https:\/\/careclean24.de\/#\/schema\/logo\/image\/","url":"https:\/\/careclean24.de\/wp-content\/uploads\/2021\/10\/favicon.png","contentUrl":"https:\/\/careclean24.de\/wp-content\/uploads\/2021\/10\/favicon.png","width":400,"height":400,"caption":"Careclean24"},"image":{"@id":"https:\/\/careclean24.de\/#\/schema\/logo\/image\/"},"sameAs":["https:\/\/www.facebook.com\/careclean24","https:\/\/www.instagram.com\/careclean24"]}]}},"_links":{"self":[{"href":"https:\/\/careclean24.de\/en\/wp-json\/wp\/v2\/pages\/13523","targetHints":{"allow":["GET"]}}],"collection":[{"href":"https:\/\/careclean24.de\/en\/wp-json\/wp\/v2\/pages"}],"about":[{"href":"https:\/\/careclean24.de\/en\/wp-json\/wp\/v2\/types\/page"}],"author":[{"embeddable":true,"href":"https:\/\/careclean24.de\/en\/wp-json\/wp\/v2\/users\/3"}],"replies":[{"embeddable":true,"href":"https:\/\/careclean24.de\/en\/wp-json\/wp\/v2\/comments?post=13523"}],"version-history":[{"count":0,"href":"https:\/\/careclean24.de\/en\/wp-json\/wp\/v2\/pages\/13523\/revisions"}],"wp:attachment":[{"href":"https:\/\/careclean24.de\/en\/wp-json\/wp\/v2\/media?parent=13523"}],"curies":[{"name":"wp","href":"https:\/\/api.w.org\/{rel}","templated":true}]}}