{"id":13563,"date":"2021-10-19T08:50:52","date_gmt":"2021-10-19T06:50:52","guid":{"rendered":"https:\/\/careclean24.de\/?page_id=13563"},"modified":"2022-10-21T10:52:03","modified_gmt":"2022-10-21T08:52:03","slug":"leasingrueckgabe","status":"publish","type":"page","link":"https:\/\/careclean24.de\/en\/leasingrueckgabe\/","title":{"rendered":"Leasingr\u00fcckgabe"},"content":{"rendered":"<div data-elementor-type=\"wp-page\" data-elementor-id=\"13563\" class=\"elementor elementor-13563\">\n\t\t\t\t\t\t<section class=\"elementor-section elementor-top-section elementor-element elementor-element-660142e8 elementor-section-full_width elementor-section-height-full elementor-section-height-default elementor-section-items-middle\" data-id=\"660142e8\" data-element_type=\"section\" data-e-type=\"section\" data-settings=\"{&quot;background_background&quot;:&quot;classic&quot;}\">\n\t\t\t\t\t\t\t<div class=\"elementor-background-overlay\"><\/div>\n\t\t\t\t\t\t\t<div class=\"elementor-container elementor-column-gap-default\">\n\t\t\t\t\t<div class=\"elementor-column elementor-col-100 elementor-top-column elementor-element elementor-element-49c24d06\" data-id=\"49c24d06\" data-element_type=\"column\" data-e-type=\"column\">\n\t\t\t<div class=\"elementor-widget-wrap elementor-element-populated\">\n\t\t\t\t\t\t<section class=\"elementor-section elementor-inner-section elementor-element elementor-element-5b84c038 elementor-section-boxed elementor-section-height-default elementor-section-height-default\" data-id=\"5b84c038\" data-element_type=\"section\" data-e-type=\"section\">\n\t\t\t\t\t\t<div class=\"elementor-container elementor-column-gap-default\">\n\t\t\t\t\t<div class=\"elementor-column elementor-col-100 elementor-inner-column elementor-element elementor-element-2644f606\" data-id=\"2644f606\" data-element_type=\"column\" data-e-type=\"column\">\n\t\t\t<div class=\"elementor-widget-wrap elementor-element-populated\">\n\t\t\t\t\t\t<div class=\"elementor-element elementor-element-1dc10a35 elementor-widget elementor-widget-heading\" data-id=\"1dc10a35\" data-element_type=\"widget\" data-e-type=\"widget\" data-widget_type=\"heading.default\">\n\t\t\t\t<div class=\"elementor-widget-container\">\n\t\t\t\t\t<h1 class=\"elementor-heading-title elementor-size-default\">Kommen Sie vor Leasingr\u00fcckgabe zu uns<\/h1>\t\t\t\t<\/div>\n\t\t\t\t<\/div>\n\t\t\t\t\t<\/div>\n\t\t<\/div>\n\t\t\t\t\t<\/div>\n\t\t<\/section>\n\t\t\t\t\t<\/div>\n\t\t<\/div>\n\t\t\t\t\t<\/div>\n\t\t<\/section>\n\t\t\t\t<section class=\"elementor-section elementor-top-section elementor-element elementor-element-e502c3a elementor-section-boxed elementor-section-height-default elementor-section-height-default\" data-id=\"e502c3a\" data-element_type=\"section\" data-e-type=\"section\">\n\t\t\t\t\t\t<div class=\"elementor-container elementor-column-gap-default\">\n\t\t\t\t\t<div class=\"elementor-column elementor-col-50 elementor-top-column elementor-element elementor-element-d499081\" data-id=\"d499081\" data-element_type=\"column\" data-e-type=\"column\">\n\t\t\t<div class=\"elementor-widget-wrap elementor-element-populated\">\n\t\t\t\t\t\t<div class=\"elementor-element elementor-element-172563f elementor-widget elementor-widget-text-editor\" data-id=\"172563f\" data-element_type=\"widget\" data-e-type=\"widget\" data-widget_type=\"text-editor.default\">\n\t\t\t\t<div class=\"elementor-widget-container\">\n\t\t\t\t\t\t\t\t\t<p>Ende gut, alles gut \u2013 diese Weisheit gilt auf besondere Weise auch bei Leasingvertr\u00e4gen. Erst wenn ein Auto ohne Probleme zur\u00fcckgegeben wurde, stellt sich heraus, ob sich das Leasing f\u00fcr den Kunden auch wirklich gelohnt hat. Immer wieder h\u00f6rt man von Streitigkeiten zwischen den Vertragsparteien, wenn es beim Auslaufen eines\u00a0Leasingvertrages zu Differenzen \u00fcber den Zustand oder den Restwert des Fahrzeugs kommt. Sparen Sie sich den \u00e4rger und die kosten und kommen Sie vor Leasingr\u00fcckgabe unbedingt zu uns. Denn wir bieten Ihnen die Leasingaufbereitung zum Pauschalpreis an, damit Sie Ihr Leasingfahrzeug beruhigt im Neuzustand zur\u00fcck geben k\u00f6nnen.<\/p>\t\t\t\t\t\t\t\t<\/div>\n\t\t\t\t<\/div>\n\t\t\t\t\t<\/div>\n\t\t<\/div>\n\t\t\t\t<div class=\"elementor-column elementor-col-50 elementor-top-column elementor-element elementor-element-8b85e29\" data-id=\"8b85e29\" data-element_type=\"column\" data-e-type=\"column\">\n\t\t\t<div class=\"elementor-widget-wrap elementor-element-populated\">\n\t\t\t\t\t\t<div class=\"elementor-element elementor-element-7dfb278 elementor-widget elementor-widget-image\" data-id=\"7dfb278\" data-element_type=\"widget\" data-e-type=\"widget\" data-widget_type=\"image.default\">\n\t\t\t\t<div class=\"elementor-widget-container\">\n\t\t\t\t\t\t\t\t\t\t\t\t\t\t\t<img fetchpriority=\"high\" decoding=\"async\" width=\"1024\" height=\"768\" src=\"https:\/\/careclean24.de\/wp-content\/uploads\/2021\/10\/20220124_153504-1024x768.jpg\" class=\"attachment-large size-large wp-image-13720\" alt=\"\" srcset=\"https:\/\/careclean24.de\/wp-content\/uploads\/2021\/10\/20220124_153504-1024x768.jpg 1024w, https:\/\/careclean24.de\/wp-content\/uploads\/2021\/10\/20220124_153504-300x225.jpg 300w, https:\/\/careclean24.de\/wp-content\/uploads\/2021\/10\/20220124_153504-768x576.jpg 768w, https:\/\/careclean24.de\/wp-content\/uploads\/2021\/10\/20220124_153504-1536x1152.jpg 1536w, https:\/\/careclean24.de\/wp-content\/uploads\/2021\/10\/20220124_153504-2048x1536.jpg 2048w, https:\/\/careclean24.de\/wp-content\/uploads\/2021\/10\/20220124_153504-510x382.jpg 510w, https:\/\/careclean24.de\/wp-content\/uploads\/2021\/10\/20220124_153504-1080x810.jpg 1080w, https:\/\/careclean24.de\/wp-content\/uploads\/2021\/10\/20220124_153504-1280x960.jpg 1280w, https:\/\/careclean24.de\/wp-content\/uploads\/2021\/10\/20220124_153504-980x735.jpg 980w, https:\/\/careclean24.de\/wp-content\/uploads\/2021\/10\/20220124_153504-480x360.jpg 480w\" sizes=\"(max-width: 1024px) 100vw, 1024px\" \/>\t\t\t\t\t\t\t\t\t\t\t\t\t\t\t<\/div>\n\t\t\t\t<\/div>\n\t\t\t\t\t<\/div>\n\t\t<\/div>\n\t\t\t\t\t<\/div>\n\t\t<\/section>\n\t\t\t\t<section class=\"elementor-section elementor-top-section elementor-element elementor-element-dd44842 elementor-section-boxed elementor-section-height-default elementor-section-height-default\" data-id=\"dd44842\" data-element_type=\"section\" data-e-type=\"section\">\n\t\t\t\t\t\t<div class=\"elementor-container elementor-column-gap-default\">\n\t\t\t\t\t<div class=\"elementor-column elementor-col-100 elementor-top-column elementor-element elementor-element-0041592\" data-id=\"0041592\" data-element_type=\"column\" data-e-type=\"column\">\n\t\t\t<div class=\"elementor-widget-wrap elementor-element-populated\">\n\t\t\t\t\t\t<div class=\"elementor-element elementor-element-d3261b3 elementor-align-center elementor-widget elementor-widget-button\" data-id=\"d3261b3\" data-element_type=\"widget\" data-e-type=\"widget\" data-widget_type=\"button.default\">\n\t\t\t\t<div class=\"elementor-widget-container\">\n\t\t\t\t\t\t\t\t\t<div class=\"elementor-button-wrapper\">\n\t\t\t\t\t<a class=\"elementor-button elementor-button-link elementor-size-sm\" href=\"https:\/\/careclean24.de\/en\/booking\/\">\n\t\t\t\t\t\t<span class=\"elementor-button-content-wrapper\">\n\t\t\t\t\t\t\t\t\t<span class=\"elementor-button-text\">Book Now<\/span>\n\t\t\t\t\t<\/span>\n\t\t\t\t\t<\/a>\n\t\t\t\t<\/div>\n\t\t\t\t\t\t\t\t<\/div>\n\t\t\t\t<\/div>\n\t\t\t\t\t<\/div>\n\t\t<\/div>\n\t\t\t\t\t<\/div>\n\t\t<\/section>\n\t\t\t\t<\/div>","protected":false},"excerpt":{"rendered":"<p>Kommen Sie vor Leasingr\u00fcckgabe zu uns Ende gut, alles gut \u2013 diese Weisheit gilt auf besondere Weise auch bei Leasingvertr\u00e4gen. Erst wenn ein Auto ohne Probleme zur\u00fcckgegeben wurde, stellt sich heraus, ob sich das Leasing f\u00fcr den Kunden auch wirklich gelohnt hat. Immer wieder h\u00f6rt man von Streitigkeiten zwischen den Vertragsparteien, wenn es beim Auslaufen [&hellip;]<\/p>\n","protected":false},"author":3,"featured_media":0,"parent":0,"menu_order":0,"comment_status":"closed","ping_status":"closed","template":"","meta":{"site-sidebar-layout":"no-sidebar","site-content-layout":"page-builder","ast-site-content-layout":"default","site-content-style":"default","site-sidebar-style":"default","ast-global-header-display":"","ast-banner-title-visibility":"","ast-main-header-display":"","ast-hfb-above-header-display":"","ast-hfb-below-header-display":"","ast-hfb-mobile-header-display":"","site-post-title":"disabled","ast-breadcrumbs-content":"","ast-featured-img":"disabled","footer-sml-layout":"","ast-disable-related-posts":"","theme-transparent-header-meta":"default","adv-header-id-meta":"","stick-header-meta":"","header-above-stick-meta":"","header-main-stick-meta":"","header-below-stick-meta":"","astra-migrate-meta-layouts":"default","ast-page-background-enabled":"default","ast-page-background-meta":{"desktop":{"background-color":"","background-image":"","background-repeat":"repeat","background-position":"center center","background-size":"auto","background-attachment":"scroll","background-type":"","background-media":"","overlay-type":"","overlay-color":"","overlay-opacity":"","overlay-gradient":""},"tablet":{"background-color":"","background-image":"","background-repeat":"repeat","background-position":"center center","background-size":"auto","background-attachment":"scroll","background-type":"","background-media":"","overlay-type":"","overlay-color":"","overlay-opacity":"","overlay-gradient":""},"mobile":{"background-color":"","background-image":"","background-repeat":"repeat","background-position":"center center","background-size":"auto","background-attachment":"scroll","background-type":"","background-media":"","overlay-type":"","overlay-color":"","overlay-opacity":"","overlay-gradient":""}},"ast-content-background-meta":{"desktop":{"background-color":"var(--ast-global-color-5)","background-image":"","background-repeat":"repeat","background-position":"center center","background-size":"auto","background-attachment":"scroll","background-type":"","background-media":"","overlay-type":"","overlay-color":"","overlay-opacity":"","overlay-gradient":""},"tablet":{"background-color":"var(--ast-global-color-5)","background-image":"","background-repeat":"repeat","background-position":"center center","background-size":"auto","background-attachment":"scroll","background-type":"","background-media":"","overlay-type":"","overlay-color":"","overlay-opacity":"","overlay-gradient":""},"mobile":{"background-color":"var(--ast-global-color-5)","background-image":"","background-repeat":"repeat","background-position":"center center","background-size":"auto","background-attachment":"scroll","background-type":"","background-media":"","overlay-type":"","overlay-color":"","overlay-opacity":"","overlay-gradient":""}},"footnotes":""},"class_list":["post-13563","page","type-page","status-publish","hentry"],"yoast_head":"<!-- This site is optimized with the Yoast SEO plugin v27.3 - https:\/\/yoast.com\/product\/yoast-seo-wordpress\/ -->\n<title>Leasingr\u00fcckgabe | Careclean24<\/title>\n<meta name=\"robots\" content=\"index, follow, max-snippet:-1, max-image-preview:large, max-video-preview:-1\" \/>\n<link rel=\"canonical\" href=\"https:\/\/careclean24.de\/en\/leasingrueckgabe\/\" \/>\n<meta property=\"og:locale\" content=\"en_US\" \/>\n<meta property=\"og:type\" content=\"article\" \/>\n<meta property=\"og:title\" content=\"Leasingr\u00fcckgabe | Careclean24\" \/>\n<meta property=\"og:description\" content=\"Kommen Sie vor Leasingr\u00fcckgabe zu uns Ende gut, alles gut \u2013 diese Weisheit gilt auf besondere Weise auch bei Leasingvertr\u00e4gen. Erst wenn ein Auto ohne Probleme zur\u00fcckgegeben wurde, stellt sich heraus, ob sich das Leasing f\u00fcr den Kunden auch wirklich gelohnt hat. Immer wieder h\u00f6rt man von Streitigkeiten zwischen den Vertragsparteien, wenn es beim Auslaufen [&hellip;]\" \/>\n<meta property=\"og:url\" content=\"https:\/\/careclean24.de\/en\/leasingrueckgabe\/\" \/>\n<meta property=\"og:site_name\" content=\"Careclean24\" \/>\n<meta property=\"article:publisher\" content=\"https:\/\/www.facebook.com\/careclean24\" \/>\n<meta property=\"article:modified_time\" content=\"2022-10-21T08:52:03+00:00\" \/>\n<meta property=\"og:image\" content=\"https:\/\/careclean24.de\/wp-content\/uploads\/2021\/10\/20220124_153504-1024x768.jpg\" \/>\n<meta name=\"twitter:card\" content=\"summary_large_image\" \/>\n<meta name=\"twitter:label1\" content=\"Est. reading time\" \/>\n\t<meta name=\"twitter:data1\" content=\"1 minute\" \/>\n<script type=\"application\/ld+json\" class=\"yoast-schema-graph\">{\"@context\":\"https:\\\/\\\/schema.org\",\"@graph\":[{\"@type\":\"WebPage\",\"@id\":\"https:\\\/\\\/careclean24.de\\\/leasingrueckgabe\\\/\",\"url\":\"https:\\\/\\\/careclean24.de\\\/leasingrueckgabe\\\/\",\"name\":\"Leasingr\u00fcckgabe | Careclean24\",\"isPartOf\":{\"@id\":\"https:\\\/\\\/careclean24.de\\\/#website\"},\"primaryImageOfPage\":{\"@id\":\"https:\\\/\\\/careclean24.de\\\/leasingrueckgabe\\\/#primaryimage\"},\"image\":{\"@id\":\"https:\\\/\\\/careclean24.de\\\/leasingrueckgabe\\\/#primaryimage\"},\"thumbnailUrl\":\"https:\\\/\\\/careclean24.de\\\/wp-content\\\/uploads\\\/2021\\\/10\\\/20220124_153504-1024x768.jpg\",\"datePublished\":\"2021-10-19T06:50:52+00:00\",\"dateModified\":\"2022-10-21T08:52:03+00:00\",\"breadcrumb\":{\"@id\":\"https:\\\/\\\/careclean24.de\\\/leasingrueckgabe\\\/#breadcrumb\"},\"inLanguage\":\"en-US\",\"potentialAction\":[{\"@type\":\"ReadAction\",\"target\":[\"https:\\\/\\\/careclean24.de\\\/leasingrueckgabe\\\/\"]}]},{\"@type\":\"ImageObject\",\"inLanguage\":\"en-US\",\"@id\":\"https:\\\/\\\/careclean24.de\\\/leasingrueckgabe\\\/#primaryimage\",\"url\":\"https:\\\/\\\/careclean24.de\\\/wp-content\\\/uploads\\\/2021\\\/10\\\/20220124_153504-1024x768.jpg\",\"contentUrl\":\"https:\\\/\\\/careclean24.de\\\/wp-content\\\/uploads\\\/2021\\\/10\\\/20220124_153504-1024x768.jpg\"},{\"@type\":\"BreadcrumbList\",\"@id\":\"https:\\\/\\\/careclean24.de\\\/leasingrueckgabe\\\/#breadcrumb\",\"itemListElement\":[{\"@type\":\"ListItem\",\"position\":1,\"name\":\"Startseite\",\"item\":\"https:\\\/\\\/careclean24.de\\\/\"},{\"@type\":\"ListItem\",\"position\":2,\"name\":\"Leasingr\u00fcckgabe\"}]},{\"@type\":\"WebSite\",\"@id\":\"https:\\\/\\\/careclean24.de\\\/#website\",\"url\":\"https:\\\/\\\/careclean24.de\\\/\",\"name\":\"Careclean24\",\"description\":\"Keramikversiegelung | Neuwagenversiegelung | PCS Cleaning\",\"publisher\":{\"@id\":\"https:\\\/\\\/careclean24.de\\\/#organization\"},\"potentialAction\":[{\"@type\":\"SearchAction\",\"target\":{\"@type\":\"EntryPoint\",\"urlTemplate\":\"https:\\\/\\\/careclean24.de\\\/?s={search_term_string}\"},\"query-input\":{\"@type\":\"PropertyValueSpecification\",\"valueRequired\":true,\"valueName\":\"search_term_string\"}}],\"inLanguage\":\"en-US\"},{\"@type\":\"Organization\",\"@id\":\"https:\\\/\\\/careclean24.de\\\/#organization\",\"name\":\"Careclean24\",\"url\":\"https:\\\/\\\/careclean24.de\\\/\",\"logo\":{\"@type\":\"ImageObject\",\"inLanguage\":\"en-US\",\"@id\":\"https:\\\/\\\/careclean24.de\\\/#\\\/schema\\\/logo\\\/image\\\/\",\"url\":\"https:\\\/\\\/careclean24.de\\\/wp-content\\\/uploads\\\/2021\\\/10\\\/favicon.png\",\"contentUrl\":\"https:\\\/\\\/careclean24.de\\\/wp-content\\\/uploads\\\/2021\\\/10\\\/favicon.png\",\"width\":400,\"height\":400,\"caption\":\"Careclean24\"},\"image\":{\"@id\":\"https:\\\/\\\/careclean24.de\\\/#\\\/schema\\\/logo\\\/image\\\/\"},\"sameAs\":[\"https:\\\/\\\/www.facebook.com\\\/careclean24\",\"https:\\\/\\\/www.instagram.com\\\/careclean24\"]}]}<\/script>\n<!-- \/ Yoast SEO plugin. -->","yoast_head_json":{"title":"Leasingr\u00fcckgabe | Careclean24","robots":{"index":"index","follow":"follow","max-snippet":"max-snippet:-1","max-image-preview":"max-image-preview:large","max-video-preview":"max-video-preview:-1"},"canonical":"https:\/\/careclean24.de\/en\/leasingrueckgabe\/","og_locale":"en_US","og_type":"article","og_title":"Leasingr\u00fcckgabe | Careclean24","og_description":"Kommen Sie vor Leasingr\u00fcckgabe zu uns Ende gut, alles gut \u2013 diese Weisheit gilt auf besondere Weise auch bei Leasingvertr\u00e4gen. Erst wenn ein Auto ohne Probleme zur\u00fcckgegeben wurde, stellt sich heraus, ob sich das Leasing f\u00fcr den Kunden auch wirklich gelohnt hat. Immer wieder h\u00f6rt man von Streitigkeiten zwischen den Vertragsparteien, wenn es beim Auslaufen [&hellip;]","og_url":"https:\/\/careclean24.de\/en\/leasingrueckgabe\/","og_site_name":"Careclean24","article_publisher":"https:\/\/www.facebook.com\/careclean24","article_modified_time":"2022-10-21T08:52:03+00:00","og_image":[{"url":"https:\/\/careclean24.de\/wp-content\/uploads\/2021\/10\/20220124_153504-1024x768.jpg","type":"","width":"","height":""}],"twitter_card":"summary_large_image","twitter_misc":{"Est. reading time":"1 minute"},"schema":{"@context":"https:\/\/schema.org","@graph":[{"@type":"WebPage","@id":"https:\/\/careclean24.de\/leasingrueckgabe\/","url":"https:\/\/careclean24.de\/leasingrueckgabe\/","name":"Leasingr\u00fcckgabe | Careclean24","isPartOf":{"@id":"https:\/\/careclean24.de\/#website"},"primaryImageOfPage":{"@id":"https:\/\/careclean24.de\/leasingrueckgabe\/#primaryimage"},"image":{"@id":"https:\/\/careclean24.de\/leasingrueckgabe\/#primaryimage"},"thumbnailUrl":"https:\/\/careclean24.de\/wp-content\/uploads\/2021\/10\/20220124_153504-1024x768.jpg","datePublished":"2021-10-19T06:50:52+00:00","dateModified":"2022-10-21T08:52:03+00:00","breadcrumb":{"@id":"https:\/\/careclean24.de\/leasingrueckgabe\/#breadcrumb"},"inLanguage":"en-US","potentialAction":[{"@type":"ReadAction","target":["https:\/\/careclean24.de\/leasingrueckgabe\/"]}]},{"@type":"ImageObject","inLanguage":"en-US","@id":"https:\/\/careclean24.de\/leasingrueckgabe\/#primaryimage","url":"https:\/\/careclean24.de\/wp-content\/uploads\/2021\/10\/20220124_153504-1024x768.jpg","contentUrl":"https:\/\/careclean24.de\/wp-content\/uploads\/2021\/10\/20220124_153504-1024x768.jpg"},{"@type":"BreadcrumbList","@id":"https:\/\/careclean24.de\/leasingrueckgabe\/#breadcrumb","itemListElement":[{"@type":"ListItem","position":1,"name":"Startseite","item":"https:\/\/careclean24.de\/"},{"@type":"ListItem","position":2,"name":"Leasingr\u00fcckgabe"}]},{"@type":"WebSite","@id":"https:\/\/careclean24.de\/#website","url":"https:\/\/careclean24.de\/","name":"Careclean24","description":"Keramikversiegelung | Neuwagenversiegelung | PCS Cleaning","publisher":{"@id":"https:\/\/careclean24.de\/#organization"},"potentialAction":[{"@type":"SearchAction","target":{"@type":"EntryPoint","urlTemplate":"https:\/\/careclean24.de\/?s={search_term_string}"},"query-input":{"@type":"PropertyValueSpecification","valueRequired":true,"valueName":"search_term_string"}}],"inLanguage":"en-US"},{"@type":"Organization","@id":"https:\/\/careclean24.de\/#organization","name":"Careclean24","url":"https:\/\/careclean24.de\/","logo":{"@type":"ImageObject","inLanguage":"en-US","@id":"https:\/\/careclean24.de\/#\/schema\/logo\/image\/","url":"https:\/\/careclean24.de\/wp-content\/uploads\/2021\/10\/favicon.png","contentUrl":"https:\/\/careclean24.de\/wp-content\/uploads\/2021\/10\/favicon.png","width":400,"height":400,"caption":"Careclean24"},"image":{"@id":"https:\/\/careclean24.de\/#\/schema\/logo\/image\/"},"sameAs":["https:\/\/www.facebook.com\/careclean24","https:\/\/www.instagram.com\/careclean24"]}]}},"_links":{"self":[{"href":"https:\/\/careclean24.de\/en\/wp-json\/wp\/v2\/pages\/13563","targetHints":{"allow":["GET"]}}],"collection":[{"href":"https:\/\/careclean24.de\/en\/wp-json\/wp\/v2\/pages"}],"about":[{"href":"https:\/\/careclean24.de\/en\/wp-json\/wp\/v2\/types\/page"}],"author":[{"embeddable":true,"href":"https:\/\/careclean24.de\/en\/wp-json\/wp\/v2\/users\/3"}],"replies":[{"embeddable":true,"href":"https:\/\/careclean24.de\/en\/wp-json\/wp\/v2\/comments?post=13563"}],"version-history":[{"count":15,"href":"https:\/\/careclean24.de\/en\/wp-json\/wp\/v2\/pages\/13563\/revisions"}],"predecessor-version":[{"id":14545,"href":"https:\/\/careclean24.de\/en\/wp-json\/wp\/v2\/pages\/13563\/revisions\/14545"}],"wp:attachment":[{"href":"https:\/\/careclean24.de\/en\/wp-json\/wp\/v2\/media?parent=13563"}],"curies":[{"name":"wp","href":"https:\/\/api.w.org\/{rel}","templated":true}]}}