{"id":14444,"date":"2022-10-21T09:15:15","date_gmt":"2022-10-21T07:15:15","guid":{"rendered":"https:\/\/careclean24.de\/?page_id=14444"},"modified":"2023-06-19T12:46:31","modified_gmt":"2023-06-19T10:46:31","slug":"porsche","status":"publish","type":"page","link":"https:\/\/careclean24.de\/en\/porsche\/","title":{"rendered":"Unilack"},"content":{"rendered":"<div data-elementor-type=\"wp-page\" data-elementor-id=\"14444\" class=\"elementor elementor-14444\">\n\t\t\t\t\t\t<section class=\"elementor-section elementor-top-section elementor-element elementor-element-1160597 elementor-section-boxed elementor-section-height-default elementor-section-height-default\" data-id=\"1160597\" data-element_type=\"section\" data-e-type=\"section\">\n\t\t\t\t\t\t<div class=\"elementor-container elementor-column-gap-default\">\n\t\t\t\t\t<div class=\"elementor-column elementor-col-100 elementor-top-column elementor-element elementor-element-8fff978\" data-id=\"8fff978\" data-element_type=\"column\" data-e-type=\"column\">\n\t\t\t<div class=\"elementor-widget-wrap\">\n\t\t\t\t\t\t\t<\/div>\n\t\t<\/div>\n\t\t\t\t\t<\/div>\n\t\t<\/section>\n\t\t\t\t<section class=\"elementor-section elementor-top-section elementor-element elementor-element-2bc564ff elementor-section-full_width elementor-section-height-full elementor-section-height-default elementor-section-items-middle\" data-id=\"2bc564ff\" data-element_type=\"section\" data-e-type=\"section\" data-settings=\"{&quot;background_background&quot;:&quot;classic&quot;}\">\n\t\t\t\t\t\t\t<div class=\"elementor-background-overlay\"><\/div>\n\t\t\t\t\t\t\t<div class=\"elementor-container elementor-column-gap-default\">\n\t\t\t\t\t<div class=\"elementor-column elementor-col-100 elementor-top-column elementor-element elementor-element-27c4318a\" data-id=\"27c4318a\" data-element_type=\"column\" data-e-type=\"column\">\n\t\t\t<div class=\"elementor-widget-wrap elementor-element-populated\">\n\t\t\t\t\t\t<div class=\"elementor-element elementor-element-346a81d7 elementor-widget elementor-widget-heading\" data-id=\"346a81d7\" data-element_type=\"widget\" data-e-type=\"widget\" data-widget_type=\"heading.default\">\n\t\t\t\t<div class=\"elementor-widget-container\">\n\t\t\t\t\t<h4 class=\"elementor-heading-title elementor-size-default\"><a href=\"https:\/\/tff-forum.de\/\">Unsere K\u00f6nigsdisziplin ist die Unilackaufbereitung<\/a><\/h4>\t\t\t\t<\/div>\n\t\t\t\t<\/div>\n\t\t\t\t\t<\/div>\n\t\t<\/div>\n\t\t\t\t\t<\/div>\n\t\t<\/section>\n\t\t\t\t<section class=\"elementor-section elementor-top-section elementor-element elementor-element-ed6c2b6 elementor-section-boxed elementor-section-height-default elementor-section-height-default\" data-id=\"ed6c2b6\" data-element_type=\"section\" data-e-type=\"section\">\n\t\t\t\t\t\t<div class=\"elementor-container elementor-column-gap-default\">\n\t\t\t\t\t<div class=\"elementor-column elementor-col-50 elementor-top-column elementor-element elementor-element-d02bda0\" data-id=\"d02bda0\" data-element_type=\"column\" data-e-type=\"column\">\n\t\t\t<div class=\"elementor-widget-wrap elementor-element-populated\">\n\t\t\t\t\t\t<div class=\"elementor-element elementor-element-8bab005 elementor-widget elementor-widget-text-editor\" data-id=\"8bab005\" data-element_type=\"widget\" data-e-type=\"widget\" data-widget_type=\"text-editor.default\">\n\t\t\t\t<div class=\"elementor-widget-container\">\n\t\t\t\t\t\t\t\t\t<p>Wir wissen nicht nur wie man\u00a0<span class=\"hiddenSpellError\">Unilacke<\/span> richtig aufbereitet und konserviert, wir geben sogar regelm\u00e4\u00dfig <a href=\"https:\/\/careclean24.de\/en\/shop\/next-level-detailing-seminar\/\">Next Level Detailing<\/a>\u00a0Schulungen. Auch bekannt aus dem\u00a0<a href=\"https:\/\/www.pff.de\/\">Porsche Forum.<\/a><\/p><p>Grunds\u00e4tzlich kann man zum\u00a0<span class=\"hiddenSpellError\">Unilack<\/span>\u00a0folgendes sagen: schon bei geringstem Kontakt mit einem falschen Mikrofasertuch, entstehen feinste\u00a0<span class=\"hiddenSpellError\">Swirls<\/span> und Kratzer. Das ist nicht nur \u00e4rgerlich, sondern auch nicht sch\u00f6n anzusehen. Deshalb haben wir nicht nur die <a href=\"https:\/\/careclean24.de\/en\/careclean24-academy\/\">Careclean24 Academy<\/a> ins Leben gerufen, sondern auch unsere eigenen\u00a0<a href=\"https:\/\/careclean24.de\/en\/shop\/\">Mikrofasret\u00fccher<\/a> entwickeln lassen.<\/p>\t\t\t\t\t\t\t\t<\/div>\n\t\t\t\t<\/div>\n\t\t\t\t\t<\/div>\n\t\t<\/div>\n\t\t\t\t<div class=\"elementor-column elementor-col-50 elementor-top-column elementor-element elementor-element-56f5aa9\" data-id=\"56f5aa9\" data-element_type=\"column\" data-e-type=\"column\">\n\t\t\t<div class=\"elementor-widget-wrap elementor-element-populated\">\n\t\t\t\t\t\t<div class=\"elementor-element elementor-element-f5e7133 elementor-widget elementor-widget-image\" data-id=\"f5e7133\" data-element_type=\"widget\" data-e-type=\"widget\" data-widget_type=\"image.default\">\n\t\t\t\t<div class=\"elementor-widget-container\">\n\t\t\t\t\t\t\t\t\t\t\t\t\t\t\t<img fetchpriority=\"high\" decoding=\"async\" width=\"1024\" height=\"768\" src=\"https:\/\/careclean24.de\/wp-content\/uploads\/2022\/10\/Careclean24-Porsche-Mikrofasertuch-unilack-1024x768.jpg\" class=\"attachment-large size-large wp-image-14516\" alt=\"\" srcset=\"https:\/\/careclean24.de\/wp-content\/uploads\/2022\/10\/Careclean24-Porsche-Mikrofasertuch-unilack-1024x768.jpg 1024w, https:\/\/careclean24.de\/wp-content\/uploads\/2022\/10\/Careclean24-Porsche-Mikrofasertuch-unilack-300x225.jpg 300w, https:\/\/careclean24.de\/wp-content\/uploads\/2022\/10\/Careclean24-Porsche-Mikrofasertuch-unilack-768x576.jpg 768w, https:\/\/careclean24.de\/wp-content\/uploads\/2022\/10\/Careclean24-Porsche-Mikrofasertuch-unilack-1536x1152.jpg 1536w, https:\/\/careclean24.de\/wp-content\/uploads\/2022\/10\/Careclean24-Porsche-Mikrofasertuch-unilack-2048x1536.jpg 2048w, https:\/\/careclean24.de\/wp-content\/uploads\/2022\/10\/Careclean24-Porsche-Mikrofasertuch-unilack-360x270.jpg 360w, https:\/\/careclean24.de\/wp-content\/uploads\/2022\/10\/Careclean24-Porsche-Mikrofasertuch-unilack-600x450.jpg 600w\" sizes=\"(max-width: 1024px) 100vw, 1024px\" \/>\t\t\t\t\t\t\t\t\t\t\t\t\t\t\t<\/div>\n\t\t\t\t<\/div>\n\t\t\t\t\t<\/div>\n\t\t<\/div>\n\t\t\t\t\t<\/div>\n\t\t<\/section>\n\t\t\t\t<section class=\"elementor-section elementor-top-section elementor-element elementor-element-2262c54 elementor-section-boxed elementor-section-height-default elementor-section-height-default\" data-id=\"2262c54\" data-element_type=\"section\" data-e-type=\"section\">\n\t\t\t\t\t\t<div class=\"elementor-container elementor-column-gap-default\">\n\t\t\t\t\t<div class=\"elementor-column elementor-col-100 elementor-top-column elementor-element elementor-element-880c253\" data-id=\"880c253\" data-element_type=\"column\" data-e-type=\"column\">\n\t\t\t<div class=\"elementor-widget-wrap elementor-element-populated\">\n\t\t\t\t\t\t<div class=\"elementor-element elementor-element-617ab5a elementor-align-center elementor-widget elementor-widget-button\" data-id=\"617ab5a\" data-element_type=\"widget\" data-e-type=\"widget\" data-widget_type=\"button.default\">\n\t\t\t\t<div class=\"elementor-widget-container\">\n\t\t\t\t\t\t\t\t\t<div class=\"elementor-button-wrapper\">\n\t\t\t\t\t<a class=\"elementor-button elementor-button-link elementor-size-sm\" href=\"https:\/\/careclean24.de\/en\/booking\/\">\n\t\t\t\t\t\t<span class=\"elementor-button-content-wrapper\">\n\t\t\t\t\t\t\t\t\t<span class=\"elementor-button-text\">Book Now<\/span>\n\t\t\t\t\t<\/span>\n\t\t\t\t\t<\/a>\n\t\t\t\t<\/div>\n\t\t\t\t\t\t\t\t<\/div>\n\t\t\t\t<\/div>\n\t\t\t\t\t<\/div>\n\t\t<\/div>\n\t\t\t\t\t<\/div>\n\t\t<\/section>\n\t\t\t\t<\/div>","protected":false},"excerpt":{"rendered":"<p>Unsere K\u00f6nigsdisziplin ist die Unilackaufbereitung Wir wissen nicht nur wie man&nbsp;Unilacke richtig aufbereitet und konserviert, wir geben sogar regelm\u00e4\u00dfig Next Level Detailing&nbsp;Schulungen. Auch bekannt aus dem&nbsp;Porsche Forum. Grunds\u00e4tzlich kann man zum&nbsp;Unilack&nbsp;folgendes sagen: schon bei geringstem Kontakt mit einem falschen Mikrofasertuch, entstehen feinste&nbsp;Swirls und Kratzer. Das ist nicht nur \u00e4rgerlich, sondern auch nicht sch\u00f6n anzusehen. Deshalb [&hellip;]<\/p>\n","protected":false},"author":3,"featured_media":0,"parent":0,"menu_order":0,"comment_status":"closed","ping_status":"closed","template":"","meta":{"site-sidebar-layout":"no-sidebar","site-content-layout":"page-builder","ast-site-content-layout":"default","site-content-style":"default","site-sidebar-style":"default","ast-global-header-display":"","ast-banner-title-visibility":"","ast-main-header-display":"","ast-hfb-above-header-display":"","ast-hfb-below-header-display":"","ast-hfb-mobile-header-display":"","site-post-title":"disabled","ast-breadcrumbs-content":"","ast-featured-img":"disabled","footer-sml-layout":"","ast-disable-related-posts":"","theme-transparent-header-meta":"","adv-header-id-meta":"","stick-header-meta":"","header-above-stick-meta":"","header-main-stick-meta":"","header-below-stick-meta":"","astra-migrate-meta-layouts":"default","ast-page-background-enabled":"default","ast-page-background-meta":{"desktop":{"background-color":"","background-image":"","background-repeat":"repeat","background-position":"center center","background-size":"auto","background-attachment":"scroll","background-type":"","background-media":"","overlay-type":"","overlay-color":"","overlay-opacity":"","overlay-gradient":""},"tablet":{"background-color":"","background-image":"","background-repeat":"repeat","background-position":"center center","background-size":"auto","background-attachment":"scroll","background-type":"","background-media":"","overlay-type":"","overlay-color":"","overlay-opacity":"","overlay-gradient":""},"mobile":{"background-color":"","background-image":"","background-repeat":"repeat","background-position":"center center","background-size":"auto","background-attachment":"scroll","background-type":"","background-media":"","overlay-type":"","overlay-color":"","overlay-opacity":"","overlay-gradient":""}},"ast-content-background-meta":{"desktop":{"background-color":"var(--ast-global-color-5)","background-image":"","background-repeat":"repeat","background-position":"center center","background-size":"auto","background-attachment":"scroll","background-type":"","background-media":"","overlay-type":"","overlay-color":"","overlay-opacity":"","overlay-gradient":""},"tablet":{"background-color":"var(--ast-global-color-5)","background-image":"","background-repeat":"repeat","background-position":"center center","background-size":"auto","background-attachment":"scroll","background-type":"","background-media":"","overlay-type":"","overlay-color":"","overlay-opacity":"","overlay-gradient":""},"mobile":{"background-color":"var(--ast-global-color-5)","background-image":"","background-repeat":"repeat","background-position":"center center","background-size":"auto","background-attachment":"scroll","background-type":"","background-media":"","overlay-type":"","overlay-color":"","overlay-opacity":"","overlay-gradient":""}},"footnotes":""},"class_list":["post-14444","page","type-page","status-publish","hentry"],"yoast_head":"<!-- This site is optimized with the Yoast SEO plugin v27.3 - https:\/\/yoast.com\/product\/yoast-seo-wordpress\/ -->\n<title>Unilack | Careclean24<\/title>\n<meta name=\"robots\" content=\"index, follow, max-snippet:-1, max-image-preview:large, max-video-preview:-1\" \/>\n<link rel=\"canonical\" href=\"https:\/\/careclean24.de\/en\/porsche\/\" \/>\n<meta property=\"og:locale\" content=\"en_US\" \/>\n<meta property=\"og:type\" content=\"article\" \/>\n<meta property=\"og:title\" content=\"Unilack | Careclean24\" \/>\n<meta property=\"og:description\" content=\"Unsere K\u00f6nigsdisziplin ist die Unilackaufbereitung Wir wissen nicht nur wie man&nbsp;Unilacke richtig aufbereitet und konserviert, wir geben sogar regelm\u00e4\u00dfig Next Level Detailing&nbsp;Schulungen. Auch bekannt aus dem&nbsp;Porsche Forum. Grunds\u00e4tzlich kann man zum&nbsp;Unilack&nbsp;folgendes sagen: schon bei geringstem Kontakt mit einem falschen Mikrofasertuch, entstehen feinste&nbsp;Swirls und Kratzer. Das ist nicht nur \u00e4rgerlich, sondern auch nicht sch\u00f6n anzusehen. Deshalb [&hellip;]\" \/>\n<meta property=\"og:url\" content=\"https:\/\/careclean24.de\/en\/porsche\/\" \/>\n<meta property=\"og:site_name\" content=\"Careclean24\" \/>\n<meta property=\"article:publisher\" content=\"https:\/\/www.facebook.com\/careclean24\" \/>\n<meta property=\"article:modified_time\" content=\"2023-06-19T10:46:31+00:00\" \/>\n<meta property=\"og:image\" content=\"https:\/\/careclean24.de\/wp-content\/uploads\/2022\/10\/Careclean24-Porsche-Mikrofasertuch-unilack-1024x768.jpg\" \/>\n<meta name=\"twitter:card\" content=\"summary_large_image\" \/>\n<meta name=\"twitter:label1\" content=\"Est. reading time\" \/>\n\t<meta name=\"twitter:data1\" content=\"1 minute\" \/>\n<script type=\"application\/ld+json\" class=\"yoast-schema-graph\">{\"@context\":\"https:\\\/\\\/schema.org\",\"@graph\":[{\"@type\":\"WebPage\",\"@id\":\"https:\\\/\\\/careclean24.de\\\/porsche\\\/\",\"url\":\"https:\\\/\\\/careclean24.de\\\/porsche\\\/\",\"name\":\"Unilack | Careclean24\",\"isPartOf\":{\"@id\":\"https:\\\/\\\/careclean24.de\\\/#website\"},\"primaryImageOfPage\":{\"@id\":\"https:\\\/\\\/careclean24.de\\\/porsche\\\/#primaryimage\"},\"image\":{\"@id\":\"https:\\\/\\\/careclean24.de\\\/porsche\\\/#primaryimage\"},\"thumbnailUrl\":\"https:\\\/\\\/careclean24.de\\\/wp-content\\\/uploads\\\/2022\\\/10\\\/Careclean24-Porsche-Mikrofasertuch-unilack-1024x768.jpg\",\"datePublished\":\"2022-10-21T07:15:15+00:00\",\"dateModified\":\"2023-06-19T10:46:31+00:00\",\"breadcrumb\":{\"@id\":\"https:\\\/\\\/careclean24.de\\\/porsche\\\/#breadcrumb\"},\"inLanguage\":\"en-US\",\"potentialAction\":[{\"@type\":\"ReadAction\",\"target\":[\"https:\\\/\\\/careclean24.de\\\/porsche\\\/\"]}]},{\"@type\":\"ImageObject\",\"inLanguage\":\"en-US\",\"@id\":\"https:\\\/\\\/careclean24.de\\\/porsche\\\/#primaryimage\",\"url\":\"https:\\\/\\\/careclean24.de\\\/wp-content\\\/uploads\\\/2022\\\/10\\\/Careclean24-Porsche-Mikrofasertuch-unilack-1024x768.jpg\",\"contentUrl\":\"https:\\\/\\\/careclean24.de\\\/wp-content\\\/uploads\\\/2022\\\/10\\\/Careclean24-Porsche-Mikrofasertuch-unilack-1024x768.jpg\"},{\"@type\":\"BreadcrumbList\",\"@id\":\"https:\\\/\\\/careclean24.de\\\/porsche\\\/#breadcrumb\",\"itemListElement\":[{\"@type\":\"ListItem\",\"position\":1,\"name\":\"Startseite\",\"item\":\"https:\\\/\\\/careclean24.de\\\/\"},{\"@type\":\"ListItem\",\"position\":2,\"name\":\"Porsche Unilack\"}]},{\"@type\":\"WebSite\",\"@id\":\"https:\\\/\\\/careclean24.de\\\/#website\",\"url\":\"https:\\\/\\\/careclean24.de\\\/\",\"name\":\"Careclean24\",\"description\":\"Keramikversiegelung | Neuwagenversiegelung | PCS Cleaning\",\"publisher\":{\"@id\":\"https:\\\/\\\/careclean24.de\\\/#organization\"},\"potentialAction\":[{\"@type\":\"SearchAction\",\"target\":{\"@type\":\"EntryPoint\",\"urlTemplate\":\"https:\\\/\\\/careclean24.de\\\/?s={search_term_string}\"},\"query-input\":{\"@type\":\"PropertyValueSpecification\",\"valueRequired\":true,\"valueName\":\"search_term_string\"}}],\"inLanguage\":\"en-US\"},{\"@type\":\"Organization\",\"@id\":\"https:\\\/\\\/careclean24.de\\\/#organization\",\"name\":\"Careclean24\",\"url\":\"https:\\\/\\\/careclean24.de\\\/\",\"logo\":{\"@type\":\"ImageObject\",\"inLanguage\":\"en-US\",\"@id\":\"https:\\\/\\\/careclean24.de\\\/#\\\/schema\\\/logo\\\/image\\\/\",\"url\":\"https:\\\/\\\/careclean24.de\\\/wp-content\\\/uploads\\\/2021\\\/10\\\/favicon.png\",\"contentUrl\":\"https:\\\/\\\/careclean24.de\\\/wp-content\\\/uploads\\\/2021\\\/10\\\/favicon.png\",\"width\":400,\"height\":400,\"caption\":\"Careclean24\"},\"image\":{\"@id\":\"https:\\\/\\\/careclean24.de\\\/#\\\/schema\\\/logo\\\/image\\\/\"},\"sameAs\":[\"https:\\\/\\\/www.facebook.com\\\/careclean24\",\"https:\\\/\\\/www.instagram.com\\\/careclean24\"]}]}<\/script>\n<!-- \/ Yoast SEO plugin. -->","yoast_head_json":{"title":"Unilack | Careclean24","robots":{"index":"index","follow":"follow","max-snippet":"max-snippet:-1","max-image-preview":"max-image-preview:large","max-video-preview":"max-video-preview:-1"},"canonical":"https:\/\/careclean24.de\/en\/porsche\/","og_locale":"en_US","og_type":"article","og_title":"Unilack | Careclean24","og_description":"Unsere K\u00f6nigsdisziplin ist die Unilackaufbereitung Wir wissen nicht nur wie man&nbsp;Unilacke richtig aufbereitet und konserviert, wir geben sogar regelm\u00e4\u00dfig Next Level Detailing&nbsp;Schulungen. Auch bekannt aus dem&nbsp;Porsche Forum. Grunds\u00e4tzlich kann man zum&nbsp;Unilack&nbsp;folgendes sagen: schon bei geringstem Kontakt mit einem falschen Mikrofasertuch, entstehen feinste&nbsp;Swirls und Kratzer. Das ist nicht nur \u00e4rgerlich, sondern auch nicht sch\u00f6n anzusehen. Deshalb [&hellip;]","og_url":"https:\/\/careclean24.de\/en\/porsche\/","og_site_name":"Careclean24","article_publisher":"https:\/\/www.facebook.com\/careclean24","article_modified_time":"2023-06-19T10:46:31+00:00","og_image":[{"url":"https:\/\/careclean24.de\/wp-content\/uploads\/2022\/10\/Careclean24-Porsche-Mikrofasertuch-unilack-1024x768.jpg","type":"","width":"","height":""}],"twitter_card":"summary_large_image","twitter_misc":{"Est. reading time":"1 minute"},"schema":{"@context":"https:\/\/schema.org","@graph":[{"@type":"WebPage","@id":"https:\/\/careclean24.de\/porsche\/","url":"https:\/\/careclean24.de\/porsche\/","name":"Unilack | Careclean24","isPartOf":{"@id":"https:\/\/careclean24.de\/#website"},"primaryImageOfPage":{"@id":"https:\/\/careclean24.de\/porsche\/#primaryimage"},"image":{"@id":"https:\/\/careclean24.de\/porsche\/#primaryimage"},"thumbnailUrl":"https:\/\/careclean24.de\/wp-content\/uploads\/2022\/10\/Careclean24-Porsche-Mikrofasertuch-unilack-1024x768.jpg","datePublished":"2022-10-21T07:15:15+00:00","dateModified":"2023-06-19T10:46:31+00:00","breadcrumb":{"@id":"https:\/\/careclean24.de\/porsche\/#breadcrumb"},"inLanguage":"en-US","potentialAction":[{"@type":"ReadAction","target":["https:\/\/careclean24.de\/porsche\/"]}]},{"@type":"ImageObject","inLanguage":"en-US","@id":"https:\/\/careclean24.de\/porsche\/#primaryimage","url":"https:\/\/careclean24.de\/wp-content\/uploads\/2022\/10\/Careclean24-Porsche-Mikrofasertuch-unilack-1024x768.jpg","contentUrl":"https:\/\/careclean24.de\/wp-content\/uploads\/2022\/10\/Careclean24-Porsche-Mikrofasertuch-unilack-1024x768.jpg"},{"@type":"BreadcrumbList","@id":"https:\/\/careclean24.de\/porsche\/#breadcrumb","itemListElement":[{"@type":"ListItem","position":1,"name":"Startseite","item":"https:\/\/careclean24.de\/"},{"@type":"ListItem","position":2,"name":"Porsche Unilack"}]},{"@type":"WebSite","@id":"https:\/\/careclean24.de\/#website","url":"https:\/\/careclean24.de\/","name":"Careclean24","description":"Keramikversiegelung | Neuwagenversiegelung | PCS Cleaning","publisher":{"@id":"https:\/\/careclean24.de\/#organization"},"potentialAction":[{"@type":"SearchAction","target":{"@type":"EntryPoint","urlTemplate":"https:\/\/careclean24.de\/?s={search_term_string}"},"query-input":{"@type":"PropertyValueSpecification","valueRequired":true,"valueName":"search_term_string"}}],"inLanguage":"en-US"},{"@type":"Organization","@id":"https:\/\/careclean24.de\/#organization","name":"Careclean24","url":"https:\/\/careclean24.de\/","logo":{"@type":"ImageObject","inLanguage":"en-US","@id":"https:\/\/careclean24.de\/#\/schema\/logo\/image\/","url":"https:\/\/careclean24.de\/wp-content\/uploads\/2021\/10\/favicon.png","contentUrl":"https:\/\/careclean24.de\/wp-content\/uploads\/2021\/10\/favicon.png","width":400,"height":400,"caption":"Careclean24"},"image":{"@id":"https:\/\/careclean24.de\/#\/schema\/logo\/image\/"},"sameAs":["https:\/\/www.facebook.com\/careclean24","https:\/\/www.instagram.com\/careclean24"]}]}},"_links":{"self":[{"href":"https:\/\/careclean24.de\/en\/wp-json\/wp\/v2\/pages\/14444","targetHints":{"allow":["GET"]}}],"collection":[{"href":"https:\/\/careclean24.de\/en\/wp-json\/wp\/v2\/pages"}],"about":[{"href":"https:\/\/careclean24.de\/en\/wp-json\/wp\/v2\/types\/page"}],"author":[{"embeddable":true,"href":"https:\/\/careclean24.de\/en\/wp-json\/wp\/v2\/users\/3"}],"replies":[{"embeddable":true,"href":"https:\/\/careclean24.de\/en\/wp-json\/wp\/v2\/comments?post=14444"}],"version-history":[{"count":36,"href":"https:\/\/careclean24.de\/en\/wp-json\/wp\/v2\/pages\/14444\/revisions"}],"predecessor-version":[{"id":14868,"href":"https:\/\/careclean24.de\/en\/wp-json\/wp\/v2\/pages\/14444\/revisions\/14868"}],"wp:attachment":[{"href":"https:\/\/careclean24.de\/en\/wp-json\/wp\/v2\/media?parent=14444"}],"curies":[{"name":"wp","href":"https:\/\/api.w.org\/{rel}","templated":true}]}}