{"id":14550,"date":"2022-10-21T11:00:19","date_gmt":"2022-10-21T09:00:19","guid":{"rendered":"https:\/\/careclean24.de\/?page_id=14550"},"modified":"2022-10-21T11:15:22","modified_gmt":"2022-10-21T09:15:22","slug":"neuwagenversiegelung","status":"publish","type":"page","link":"https:\/\/careclean24.de\/en\/neuwagenversiegelung\/","title":{"rendered":"Neuwagenversiegelung"},"content":{"rendered":"<div data-elementor-type=\"wp-page\" data-elementor-id=\"14550\" class=\"elementor elementor-14550\">\n\t\t\t\t\t\t<section class=\"elementor-section elementor-top-section elementor-element elementor-element-464e752e elementor-section-full_width elementor-section-height-full elementor-section-height-default elementor-section-items-middle\" data-id=\"464e752e\" data-element_type=\"section\" data-e-type=\"section\" data-settings=\"{&quot;background_background&quot;:&quot;classic&quot;}\">\n\t\t\t\t\t\t\t<div class=\"elementor-background-overlay\"><\/div>\n\t\t\t\t\t\t\t<div class=\"elementor-container elementor-column-gap-default\">\n\t\t\t\t\t<div class=\"elementor-column elementor-col-100 elementor-top-column elementor-element elementor-element-b4d2dde\" data-id=\"b4d2dde\" data-element_type=\"column\" data-e-type=\"column\">\n\t\t\t<div class=\"elementor-widget-wrap elementor-element-populated\">\n\t\t\t\t\t\t<div class=\"elementor-element elementor-element-35b4531 elementor-widget elementor-widget-heading\" data-id=\"35b4531\" data-element_type=\"widget\" data-e-type=\"widget\" data-widget_type=\"heading.default\">\n\t\t\t\t<div class=\"elementor-widget-container\">\n\t\t\t\t\t<h4 class=\"elementor-heading-title elementor-size-default\">Einmalig in Deutschland die Neuwagenversiegelung zum Pauschalpreis<\/h4>\t\t\t\t<\/div>\n\t\t\t\t<\/div>\n\t\t\t\t\t<\/div>\n\t\t<\/div>\n\t\t\t\t\t<\/div>\n\t\t<\/section>\n\t\t\t\t<section class=\"elementor-section elementor-top-section elementor-element elementor-element-fb82996 elementor-section-boxed elementor-section-height-default elementor-section-height-default\" data-id=\"fb82996\" data-element_type=\"section\" data-e-type=\"section\">\n\t\t\t\t\t\t<div class=\"elementor-container elementor-column-gap-default\">\n\t\t\t\t\t<div class=\"elementor-column elementor-col-50 elementor-top-column elementor-element elementor-element-a80157e\" data-id=\"a80157e\" data-element_type=\"column\" data-e-type=\"column\">\n\t\t\t<div class=\"elementor-widget-wrap elementor-element-populated\">\n\t\t\t\t\t\t<div class=\"elementor-element elementor-element-6af41ed elementor-widget elementor-widget-text-editor\" data-id=\"6af41ed\" data-element_type=\"widget\" data-e-type=\"widget\" data-widget_type=\"text-editor.default\">\n\t\t\t\t<div class=\"elementor-widget-container\">\n\t\t\t\t\t\t\t\t\t<p>Die Neuwagenversiegelung haben wir Ende 2020 ins Leben gerufen. Nach R\u00fccksprache mit mehreren Autmobilherstellern ist man aus Kostengr\u00fcnden leider nicht an solch einem Paket vom &#8222;Werk&#8220; aus interessiert. Also musste eine L\u00f6sung her und hier ist Sie. Wir bieten Ihnen genau das an, was unserer Meinung nach jedes Neufahrzeug vom Werk aus haben sollte n\u00e4mlich der langj\u00e4hrige Schutz des Gesamten Fahrzeuges.<\/p><p>Wir bieten ihnen folgendes zum Pauschalpreis von 959\u20ac an.<\/p><ul><li>Keramikversiegelung Gtechniq CSU+ EXO V4 9 Jahre Garantie<\/li><li>Keramikversiegelung aller vier Alufelgen<\/li><li>Keramikversiegelung der T\u00fcrfalze<\/li><li>Keramikversiegelung Tankdeckel Innen<\/li><li>Keramikversiegelung Bremssattel<\/li><li>Keramikversiegelung Hochglanz\/Klavierlackleisten Innen+Au\u00dfen<\/li><li>Scheibenversiegelung alle Scheiben<\/li><li>Innenraumversiegelung Leder inkl Lederlenkrad und Ledert\u00fcrverkl<\/li><\/ul>\t\t\t\t\t\t\t\t<\/div>\n\t\t\t\t<\/div>\n\t\t\t\t\t<\/div>\n\t\t<\/div>\n\t\t\t\t<div class=\"elementor-column elementor-col-50 elementor-top-column elementor-element elementor-element-9463673\" data-id=\"9463673\" data-element_type=\"column\" data-e-type=\"column\">\n\t\t\t<div class=\"elementor-widget-wrap elementor-element-populated\">\n\t\t\t\t\t\t<div class=\"elementor-element elementor-element-d7d2b87 elementor-widget elementor-widget-text-editor\" data-id=\"d7d2b87\" data-element_type=\"widget\" data-e-type=\"widget\" data-widget_type=\"text-editor.default\">\n\t\t\t\t<div class=\"elementor-widget-container\">\n\t\t\t\t\t\t\t\t\t<h4><strong>Voraussetzungen<\/strong><\/h4><p>Sobald Sie Ihr Neufahrzeug bekommen haben bitten wir Sie, auf dem direkten Weg langsam zu uns zu fahren. Bitte teilen Sie dem H\u00e4ndler wenn m\u00f6glich mit, das Fahrzeug nicht zu waschen. Auch das vordere Kennzeichen sollte wenn m\u00f6glich noch nicht angeschraubt oder beklebt werden. Das \u00fcbernehmen wir nach erfolgter Keramikversiegelung f\u00fcr Sie.<\/p>\t\t\t\t\t\t\t\t<\/div>\n\t\t\t\t<\/div>\n\t\t\t\t\t<\/div>\n\t\t<\/div>\n\t\t\t\t\t<\/div>\n\t\t<\/section>\n\t\t\t\t<section class=\"elementor-section elementor-top-section elementor-element elementor-element-0c70d48 elementor-section-boxed elementor-section-height-default elementor-section-height-default\" data-id=\"0c70d48\" data-element_type=\"section\" data-e-type=\"section\">\n\t\t\t\t\t\t<div class=\"elementor-container elementor-column-gap-default\">\n\t\t\t\t\t<div class=\"elementor-column elementor-col-100 elementor-top-column elementor-element elementor-element-b739caf\" data-id=\"b739caf\" data-element_type=\"column\" data-e-type=\"column\">\n\t\t\t<div class=\"elementor-widget-wrap elementor-element-populated\">\n\t\t\t\t\t\t<div class=\"elementor-element elementor-element-28f4a1c elementor-align-center elementor-widget elementor-widget-button\" data-id=\"28f4a1c\" data-element_type=\"widget\" data-e-type=\"widget\" data-widget_type=\"button.default\">\n\t\t\t\t<div class=\"elementor-widget-container\">\n\t\t\t\t\t\t\t\t\t<div class=\"elementor-button-wrapper\">\n\t\t\t\t\t<a class=\"elementor-button elementor-button-link elementor-size-sm\" href=\"https:\/\/careclean24.de\/en\/booking\/\">\n\t\t\t\t\t\t<span class=\"elementor-button-content-wrapper\">\n\t\t\t\t\t\t\t\t\t<span class=\"elementor-button-text\">Book Now<\/span>\n\t\t\t\t\t<\/span>\n\t\t\t\t\t<\/a>\n\t\t\t\t<\/div>\n\t\t\t\t\t\t\t\t<\/div>\n\t\t\t\t<\/div>\n\t\t\t\t\t<\/div>\n\t\t<\/div>\n\t\t\t\t\t<\/div>\n\t\t<\/section>\n\t\t\t\t<\/div>","protected":false},"excerpt":{"rendered":"<p>Einmalig in Deutschland die Neuwagenversiegelung zum Pauschalpreis Die Neuwagenversiegelung haben wir Ende 2020 ins Leben gerufen. Nach R\u00fccksprache mit mehreren Autmobilherstellern ist man aus Kostengr\u00fcnden leider nicht an solch einem Paket vom &#8222;Werk&#8220; aus interessiert. Also musste eine L\u00f6sung her und hier ist Sie. Wir bieten Ihnen genau das an, was unserer Meinung nach jedes [&hellip;]<\/p>\n","protected":false},"author":3,"featured_media":0,"parent":0,"menu_order":0,"comment_status":"closed","ping_status":"closed","template":"","meta":{"site-sidebar-layout":"no-sidebar","site-content-layout":"page-builder","ast-site-content-layout":"default","site-content-style":"default","site-sidebar-style":"default","ast-global-header-display":"","ast-banner-title-visibility":"","ast-main-header-display":"","ast-hfb-above-header-display":"","ast-hfb-below-header-display":"","ast-hfb-mobile-header-display":"","site-post-title":"disabled","ast-breadcrumbs-content":"","ast-featured-img":"disabled","footer-sml-layout":"","ast-disable-related-posts":"","theme-transparent-header-meta":"","adv-header-id-meta":"","stick-header-meta":"","header-above-stick-meta":"","header-main-stick-meta":"","header-below-stick-meta":"","astra-migrate-meta-layouts":"default","ast-page-background-enabled":"default","ast-page-background-meta":{"desktop":{"background-color":"","background-image":"","background-repeat":"repeat","background-position":"center center","background-size":"auto","background-attachment":"scroll","background-type":"","background-media":"","overlay-type":"","overlay-color":"","overlay-opacity":"","overlay-gradient":""},"tablet":{"background-color":"","background-image":"","background-repeat":"repeat","background-position":"center center","background-size":"auto","background-attachment":"scroll","background-type":"","background-media":"","overlay-type":"","overlay-color":"","overlay-opacity":"","overlay-gradient":""},"mobile":{"background-color":"","background-image":"","background-repeat":"repeat","background-position":"center center","background-size":"auto","background-attachment":"scroll","background-type":"","background-media":"","overlay-type":"","overlay-color":"","overlay-opacity":"","overlay-gradient":""}},"ast-content-background-meta":{"desktop":{"background-color":"var(--ast-global-color-5)","background-image":"","background-repeat":"repeat","background-position":"center center","background-size":"auto","background-attachment":"scroll","background-type":"","background-media":"","overlay-type":"","overlay-color":"","overlay-opacity":"","overlay-gradient":""},"tablet":{"background-color":"var(--ast-global-color-5)","background-image":"","background-repeat":"repeat","background-position":"center center","background-size":"auto","background-attachment":"scroll","background-type":"","background-media":"","overlay-type":"","overlay-color":"","overlay-opacity":"","overlay-gradient":""},"mobile":{"background-color":"var(--ast-global-color-5)","background-image":"","background-repeat":"repeat","background-position":"center center","background-size":"auto","background-attachment":"scroll","background-type":"","background-media":"","overlay-type":"","overlay-color":"","overlay-opacity":"","overlay-gradient":""}},"footnotes":""},"class_list":["post-14550","page","type-page","status-publish","hentry"],"yoast_head":"<!-- This site is optimized with the Yoast SEO plugin v27.3 - https:\/\/yoast.com\/product\/yoast-seo-wordpress\/ -->\n<title>Neuwagenversiegelung | Careclean24<\/title>\n<meta name=\"robots\" content=\"index, follow, max-snippet:-1, max-image-preview:large, max-video-preview:-1\" \/>\n<link rel=\"canonical\" href=\"https:\/\/careclean24.de\/en\/neuwagenversiegelung\/\" \/>\n<meta property=\"og:locale\" content=\"en_US\" \/>\n<meta property=\"og:type\" content=\"article\" \/>\n<meta property=\"og:title\" content=\"Neuwagenversiegelung | Careclean24\" \/>\n<meta property=\"og:description\" content=\"Einmalig in Deutschland die Neuwagenversiegelung zum Pauschalpreis Die Neuwagenversiegelung haben wir Ende 2020 ins Leben gerufen. Nach R\u00fccksprache mit mehreren Autmobilherstellern ist man aus Kostengr\u00fcnden leider nicht an solch einem Paket vom &#8222;Werk&#8220; aus interessiert. Also musste eine L\u00f6sung her und hier ist Sie. Wir bieten Ihnen genau das an, was unserer Meinung nach jedes [&hellip;]\" \/>\n<meta property=\"og:url\" content=\"https:\/\/careclean24.de\/en\/neuwagenversiegelung\/\" \/>\n<meta property=\"og:site_name\" content=\"Careclean24\" \/>\n<meta property=\"article:publisher\" content=\"https:\/\/www.facebook.com\/careclean24\" \/>\n<meta property=\"article:modified_time\" content=\"2022-10-21T09:15:22+00:00\" \/>\n<meta property=\"og:image\" content=\"https:\/\/careclean24.de\/wp-content\/uploads\/2023\/04\/20230426_160908-scaled.jpg\" \/>\n\t<meta property=\"og:image:width\" content=\"2560\" \/>\n\t<meta property=\"og:image:height\" content=\"1920\" \/>\n\t<meta property=\"og:image:type\" content=\"image\/jpeg\" \/>\n<meta name=\"twitter:card\" content=\"summary_large_image\" \/>\n<meta name=\"twitter:label1\" content=\"Est. reading time\" \/>\n\t<meta name=\"twitter:data1\" content=\"1 minute\" \/>\n<script type=\"application\/ld+json\" class=\"yoast-schema-graph\">{\"@context\":\"https:\\\/\\\/schema.org\",\"@graph\":[{\"@type\":\"WebPage\",\"@id\":\"https:\\\/\\\/careclean24.de\\\/neuwagenversiegelung\\\/\",\"url\":\"https:\\\/\\\/careclean24.de\\\/neuwagenversiegelung\\\/\",\"name\":\"Neuwagenversiegelung | Careclean24\",\"isPartOf\":{\"@id\":\"https:\\\/\\\/careclean24.de\\\/#website\"},\"datePublished\":\"2022-10-21T09:00:19+00:00\",\"dateModified\":\"2022-10-21T09:15:22+00:00\",\"breadcrumb\":{\"@id\":\"https:\\\/\\\/careclean24.de\\\/neuwagenversiegelung\\\/#breadcrumb\"},\"inLanguage\":\"en-US\",\"potentialAction\":[{\"@type\":\"ReadAction\",\"target\":[\"https:\\\/\\\/careclean24.de\\\/neuwagenversiegelung\\\/\"]}]},{\"@type\":\"BreadcrumbList\",\"@id\":\"https:\\\/\\\/careclean24.de\\\/neuwagenversiegelung\\\/#breadcrumb\",\"itemListElement\":[{\"@type\":\"ListItem\",\"position\":1,\"name\":\"Startseite\",\"item\":\"https:\\\/\\\/careclean24.de\\\/\"},{\"@type\":\"ListItem\",\"position\":2,\"name\":\"Neuwagenversiegelung\"}]},{\"@type\":\"WebSite\",\"@id\":\"https:\\\/\\\/careclean24.de\\\/#website\",\"url\":\"https:\\\/\\\/careclean24.de\\\/\",\"name\":\"Careclean24\",\"description\":\"Keramikversiegelung | Neuwagenversiegelung | PCS Cleaning\",\"publisher\":{\"@id\":\"https:\\\/\\\/careclean24.de\\\/#organization\"},\"potentialAction\":[{\"@type\":\"SearchAction\",\"target\":{\"@type\":\"EntryPoint\",\"urlTemplate\":\"https:\\\/\\\/careclean24.de\\\/?s={search_term_string}\"},\"query-input\":{\"@type\":\"PropertyValueSpecification\",\"valueRequired\":true,\"valueName\":\"search_term_string\"}}],\"inLanguage\":\"en-US\"},{\"@type\":\"Organization\",\"@id\":\"https:\\\/\\\/careclean24.de\\\/#organization\",\"name\":\"Careclean24\",\"url\":\"https:\\\/\\\/careclean24.de\\\/\",\"logo\":{\"@type\":\"ImageObject\",\"inLanguage\":\"en-US\",\"@id\":\"https:\\\/\\\/careclean24.de\\\/#\\\/schema\\\/logo\\\/image\\\/\",\"url\":\"https:\\\/\\\/careclean24.de\\\/wp-content\\\/uploads\\\/2021\\\/10\\\/favicon.png\",\"contentUrl\":\"https:\\\/\\\/careclean24.de\\\/wp-content\\\/uploads\\\/2021\\\/10\\\/favicon.png\",\"width\":400,\"height\":400,\"caption\":\"Careclean24\"},\"image\":{\"@id\":\"https:\\\/\\\/careclean24.de\\\/#\\\/schema\\\/logo\\\/image\\\/\"},\"sameAs\":[\"https:\\\/\\\/www.facebook.com\\\/careclean24\",\"https:\\\/\\\/www.instagram.com\\\/careclean24\"]}]}<\/script>\n<!-- \/ Yoast SEO plugin. -->","yoast_head_json":{"title":"Neuwagenversiegelung | Careclean24","robots":{"index":"index","follow":"follow","max-snippet":"max-snippet:-1","max-image-preview":"max-image-preview:large","max-video-preview":"max-video-preview:-1"},"canonical":"https:\/\/careclean24.de\/en\/neuwagenversiegelung\/","og_locale":"en_US","og_type":"article","og_title":"Neuwagenversiegelung | Careclean24","og_description":"Einmalig in Deutschland die Neuwagenversiegelung zum Pauschalpreis Die Neuwagenversiegelung haben wir Ende 2020 ins Leben gerufen. Nach R\u00fccksprache mit mehreren Autmobilherstellern ist man aus Kostengr\u00fcnden leider nicht an solch einem Paket vom &#8222;Werk&#8220; aus interessiert. Also musste eine L\u00f6sung her und hier ist Sie. Wir bieten Ihnen genau das an, was unserer Meinung nach jedes [&hellip;]","og_url":"https:\/\/careclean24.de\/en\/neuwagenversiegelung\/","og_site_name":"Careclean24","article_publisher":"https:\/\/www.facebook.com\/careclean24","article_modified_time":"2022-10-21T09:15:22+00:00","og_image":[{"width":2560,"height":1920,"url":"https:\/\/careclean24.de\/wp-content\/uploads\/2023\/04\/20230426_160908-scaled.jpg","type":"image\/jpeg"}],"twitter_card":"summary_large_image","twitter_misc":{"Est. reading time":"1 minute"},"schema":{"@context":"https:\/\/schema.org","@graph":[{"@type":"WebPage","@id":"https:\/\/careclean24.de\/neuwagenversiegelung\/","url":"https:\/\/careclean24.de\/neuwagenversiegelung\/","name":"Neuwagenversiegelung | Careclean24","isPartOf":{"@id":"https:\/\/careclean24.de\/#website"},"datePublished":"2022-10-21T09:00:19+00:00","dateModified":"2022-10-21T09:15:22+00:00","breadcrumb":{"@id":"https:\/\/careclean24.de\/neuwagenversiegelung\/#breadcrumb"},"inLanguage":"en-US","potentialAction":[{"@type":"ReadAction","target":["https:\/\/careclean24.de\/neuwagenversiegelung\/"]}]},{"@type":"BreadcrumbList","@id":"https:\/\/careclean24.de\/neuwagenversiegelung\/#breadcrumb","itemListElement":[{"@type":"ListItem","position":1,"name":"Startseite","item":"https:\/\/careclean24.de\/"},{"@type":"ListItem","position":2,"name":"Neuwagenversiegelung"}]},{"@type":"WebSite","@id":"https:\/\/careclean24.de\/#website","url":"https:\/\/careclean24.de\/","name":"Careclean24","description":"Keramikversiegelung | Neuwagenversiegelung | PCS Cleaning","publisher":{"@id":"https:\/\/careclean24.de\/#organization"},"potentialAction":[{"@type":"SearchAction","target":{"@type":"EntryPoint","urlTemplate":"https:\/\/careclean24.de\/?s={search_term_string}"},"query-input":{"@type":"PropertyValueSpecification","valueRequired":true,"valueName":"search_term_string"}}],"inLanguage":"en-US"},{"@type":"Organization","@id":"https:\/\/careclean24.de\/#organization","name":"Careclean24","url":"https:\/\/careclean24.de\/","logo":{"@type":"ImageObject","inLanguage":"en-US","@id":"https:\/\/careclean24.de\/#\/schema\/logo\/image\/","url":"https:\/\/careclean24.de\/wp-content\/uploads\/2021\/10\/favicon.png","contentUrl":"https:\/\/careclean24.de\/wp-content\/uploads\/2021\/10\/favicon.png","width":400,"height":400,"caption":"Careclean24"},"image":{"@id":"https:\/\/careclean24.de\/#\/schema\/logo\/image\/"},"sameAs":["https:\/\/www.facebook.com\/careclean24","https:\/\/www.instagram.com\/careclean24"]}]}},"_links":{"self":[{"href":"https:\/\/careclean24.de\/en\/wp-json\/wp\/v2\/pages\/14550","targetHints":{"allow":["GET"]}}],"collection":[{"href":"https:\/\/careclean24.de\/en\/wp-json\/wp\/v2\/pages"}],"about":[{"href":"https:\/\/careclean24.de\/en\/wp-json\/wp\/v2\/types\/page"}],"author":[{"embeddable":true,"href":"https:\/\/careclean24.de\/en\/wp-json\/wp\/v2\/users\/3"}],"replies":[{"embeddable":true,"href":"https:\/\/careclean24.de\/en\/wp-json\/wp\/v2\/comments?post=14550"}],"version-history":[{"count":7,"href":"https:\/\/careclean24.de\/en\/wp-json\/wp\/v2\/pages\/14550\/revisions"}],"predecessor-version":[{"id":14559,"href":"https:\/\/careclean24.de\/en\/wp-json\/wp\/v2\/pages\/14550\/revisions\/14559"}],"wp:attachment":[{"href":"https:\/\/careclean24.de\/en\/wp-json\/wp\/v2\/media?parent=14550"}],"curies":[{"name":"wp","href":"https:\/\/api.w.org\/{rel}","templated":true}]}}