{"id":15018,"date":"2023-08-16T11:03:15","date_gmt":"2023-08-16T09:03:15","guid":{"rendered":"https:\/\/careclean24.de\/?page_id=15018"},"modified":"2023-08-18T11:47:16","modified_gmt":"2023-08-18T09:47:16","slug":"polishing-cloth","status":"publish","type":"page","link":"https:\/\/careclean24.de\/en\/polishing-cloth\/","title":{"rendered":"Detail Cloth"},"content":{"rendered":"<div data-elementor-type=\"wp-page\" data-elementor-id=\"15018\" class=\"elementor elementor-15018\">\n\t\t\t\t\t\t<section class=\"elementor-section elementor-top-section elementor-element elementor-element-7962d7f2 elementor-section-full_width elementor-section-height-full elementor-section-height-default elementor-section-items-middle\" data-id=\"7962d7f2\" data-element_type=\"section\" data-e-type=\"section\" data-settings=\"{&quot;background_background&quot;:&quot;classic&quot;}\">\n\t\t\t\t\t\t\t<div class=\"elementor-background-overlay\"><\/div>\n\t\t\t\t\t\t\t<div class=\"elementor-container elementor-column-gap-default\">\n\t\t\t\t\t<div class=\"elementor-column elementor-col-100 elementor-top-column elementor-element elementor-element-5c341b17\" data-id=\"5c341b17\" data-element_type=\"column\" data-e-type=\"column\">\n\t\t\t<div class=\"elementor-widget-wrap elementor-element-populated\">\n\t\t\t\t\t\t<div class=\"elementor-element elementor-element-2d52b384 elementor-widget elementor-widget-heading\" data-id=\"2d52b384\" data-element_type=\"widget\" data-e-type=\"widget\" data-widget_type=\"heading.default\">\n\t\t\t\t<div class=\"elementor-widget-container\">\n\t\t\t\t\t<h1 class=\"elementor-heading-title elementor-size-default\">Careclean24 Detail Cloth 400GSM 40x40cm 2,90\u20ac    <\/h1>\t\t\t\t<\/div>\n\t\t\t\t<\/div>\n\t\t\t\t<div class=\"elementor-element elementor-element-f835529 elementor-align-center elementor-widget elementor-widget-button\" data-id=\"f835529\" data-element_type=\"widget\" data-e-type=\"widget\" data-widget_type=\"button.default\">\n\t\t\t\t<div class=\"elementor-widget-container\">\n\t\t\t\t\t\t\t\t\t<div class=\"elementor-button-wrapper\">\n\t\t\t\t\t<a class=\"elementor-button elementor-button-link elementor-size-sm\" href=\"https:\/\/careclean24.de\/en\/shop\/\">\n\t\t\t\t\t\t<span class=\"elementor-button-content-wrapper\">\n\t\t\t\t\t\t\t\t\t<span class=\"elementor-button-text\">zum shop<\/span>\n\t\t\t\t\t<\/span>\n\t\t\t\t\t<\/a>\n\t\t\t\t<\/div>\n\t\t\t\t\t\t\t\t<\/div>\n\t\t\t\t<\/div>\n\t\t\t\t\t<\/div>\n\t\t<\/div>\n\t\t\t\t\t<\/div>\n\t\t<\/section>\n\t\t\t\t<section class=\"elementor-section elementor-top-section elementor-element elementor-element-d754fcd elementor-section-boxed elementor-section-height-default elementor-section-height-default\" data-id=\"d754fcd\" data-element_type=\"section\" data-e-type=\"section\">\n\t\t\t\t\t\t<div class=\"elementor-container elementor-column-gap-default\">\n\t\t\t\t\t<div class=\"elementor-column elementor-col-100 elementor-top-column elementor-element elementor-element-f0e8c4e\" data-id=\"f0e8c4e\" data-element_type=\"column\" data-e-type=\"column\">\n\t\t\t<div class=\"elementor-widget-wrap elementor-element-populated\">\n\t\t\t\t\t\t<div class=\"elementor-element elementor-element-95b835e elementor-widget elementor-widget-heading\" data-id=\"95b835e\" data-element_type=\"widget\" data-e-type=\"widget\" data-widget_type=\"heading.default\">\n\t\t\t\t<div class=\"elementor-widget-container\">\n\t\t\t\t\t<h1 class=\"elementor-heading-title elementor-size-default\">Careclean24 Detail Cloth 400 GSM 40x40cm<\/h1>\t\t\t\t<\/div>\n\t\t\t\t<\/div>\n\t\t\t\t\t<\/div>\n\t\t<\/div>\n\t\t\t\t\t<\/div>\n\t\t<\/section>\n\t\t\t\t<section class=\"elementor-section elementor-top-section elementor-element elementor-element-a2ed80e elementor-section-boxed elementor-section-height-default elementor-section-height-default\" data-id=\"a2ed80e\" data-element_type=\"section\" data-e-type=\"section\">\n\t\t\t\t\t\t<div class=\"elementor-container elementor-column-gap-default\">\n\t\t\t\t\t<div class=\"elementor-column elementor-col-100 elementor-top-column elementor-element elementor-element-72e6116\" data-id=\"72e6116\" data-element_type=\"column\" data-e-type=\"column\">\n\t\t\t<div class=\"elementor-widget-wrap elementor-element-populated\">\n\t\t\t\t\t\t<div class=\"elementor-element elementor-element-0c9762d elementor-widget elementor-widget-text-editor\" data-id=\"0c9762d\" data-element_type=\"widget\" data-e-type=\"widget\" data-widget_type=\"text-editor.default\">\n\t\t\t\t<div class=\"elementor-widget-container\">\n\t\t\t\t\t\t\t\t\t<p>&#8222;Verleihen Sie Ihrem Fahrzeug den perfekten Glanz mit dem Careclean24 Detail Cloth.<\/p><p>Unser hochwertiges Tuch wurde speziell entwickelt, um empfindliche Unilacke sowie Metallic-Lacke schonend zu behandeln. Mit seinen zwei Seiten &#8211; einer glatten und einer mit Fasern &#8211; bietet es maximale Vielseitigkeit und optimale Ergebnisse.<\/p><p>Egal, ob Sie kleine Kratzer entfernen, den Lack auffrischen oder einfach nur Staub und Schmutz entfernen m\u00f6chten, unser Detail Cloth ist die ideale L\u00f6sung. Kombinieren Sie es mit einem Quick Detailer und verwandeln Sie jedes Auto in ein strahlendes Schmuckst\u00fcck.<\/p><p>Mit einer Dichte von 400gsm und einer Gr\u00f6\u00dfe von 40x40cm bietet unser Tuch die perfekte Balance zwischen Weichheit und Effektivit\u00e4t. Es ist sanft genug, um den Lack nicht zu besch\u00e4digen, aber gleichzeitig stark genug, um Schmutz und Verunreinigungen gr\u00fcndlich zu entfernen.<\/p><p>Unser Detail Cloth Mikrofasertuch zum Quickdetailen schonender Fahrzeuglacke ist ein unverzichtbares Werkzeug f\u00fcr jeden Autoliebhaber und Profi. Bestellen Sie jetzt und erleben Sie den Unterschied in der Fahrzeugpflege!&#8220;<\/p><p>Hinweis: Bitte beachten Sie, dass die Verwendung eines Quick Detailers vor dem Gebrauch des Tuchs empfohlen wird, um optimale Ergebnisse zu erzielen.<\/p>\t\t\t\t\t\t\t\t<\/div>\n\t\t\t\t<\/div>\n\t\t\t\t\t<\/div>\n\t\t<\/div>\n\t\t\t\t\t<\/div>\n\t\t<\/section>\n\t\t\t\t<\/div>","protected":false},"excerpt":{"rendered":"<p>Careclean24 Detail Cloth 400GSM 40x40cm 2,90\u20ac zum shop Careclean24 Detail Cloth 400 GSM 40x40cm &#8222;Verleihen Sie Ihrem Fahrzeug den perfekten Glanz mit dem Careclean24 Detail Cloth. Unser hochwertiges Tuch wurde speziell entwickelt, um empfindliche Unilacke sowie Metallic-Lacke schonend zu behandeln. Mit seinen zwei Seiten &#8211; einer glatten und einer mit Fasern &#8211; bietet es maximale [&hellip;]<\/p>\n","protected":false},"author":3,"featured_media":0,"parent":0,"menu_order":0,"comment_status":"closed","ping_status":"closed","template":"","meta":{"site-sidebar-layout":"no-sidebar","site-content-layout":"page-builder","ast-site-content-layout":"default","site-content-style":"default","site-sidebar-style":"default","ast-global-header-display":"","ast-banner-title-visibility":"","ast-main-header-display":"","ast-hfb-above-header-display":"","ast-hfb-below-header-display":"","ast-hfb-mobile-header-display":"","site-post-title":"disabled","ast-breadcrumbs-content":"","ast-featured-img":"disabled","footer-sml-layout":"","ast-disable-related-posts":"","theme-transparent-header-meta":"","adv-header-id-meta":"","stick-header-meta":"","header-above-stick-meta":"","header-main-stick-meta":"","header-below-stick-meta":"","astra-migrate-meta-layouts":"default","ast-page-background-enabled":"default","ast-page-background-meta":{"desktop":{"background-color":"","background-image":"","background-repeat":"repeat","background-position":"center center","background-size":"auto","background-attachment":"scroll","background-type":"","background-media":"","overlay-type":"","overlay-color":"","overlay-opacity":"","overlay-gradient":""},"tablet":{"background-color":"","background-image":"","background-repeat":"repeat","background-position":"center center","background-size":"auto","background-attachment":"scroll","background-type":"","background-media":"","overlay-type":"","overlay-color":"","overlay-opacity":"","overlay-gradient":""},"mobile":{"background-color":"","background-image":"","background-repeat":"repeat","background-position":"center center","background-size":"auto","background-attachment":"scroll","background-type":"","background-media":"","overlay-type":"","overlay-color":"","overlay-opacity":"","overlay-gradient":""}},"ast-content-background-meta":{"desktop":{"background-color":"var(--ast-global-color-5)","background-image":"","background-repeat":"repeat","background-position":"center center","background-size":"auto","background-attachment":"scroll","background-type":"","background-media":"","overlay-type":"","overlay-color":"","overlay-opacity":"","overlay-gradient":""},"tablet":{"background-color":"var(--ast-global-color-5)","background-image":"","background-repeat":"repeat","background-position":"center center","background-size":"auto","background-attachment":"scroll","background-type":"","background-media":"","overlay-type":"","overlay-color":"","overlay-opacity":"","overlay-gradient":""},"mobile":{"background-color":"var(--ast-global-color-5)","background-image":"","background-repeat":"repeat","background-position":"center center","background-size":"auto","background-attachment":"scroll","background-type":"","background-media":"","overlay-type":"","overlay-color":"","overlay-opacity":"","overlay-gradient":""}},"footnotes":""},"class_list":["post-15018","page","type-page","status-publish","hentry"],"yoast_head":"<!-- This site is optimized with the Yoast SEO plugin v27.3 - https:\/\/yoast.com\/product\/yoast-seo-wordpress\/ -->\n<title>Detail Cloth | Careclean24<\/title>\n<meta name=\"robots\" content=\"index, follow, max-snippet:-1, max-image-preview:large, max-video-preview:-1\" \/>\n<link rel=\"canonical\" href=\"https:\/\/careclean24.de\/en\/polishing-cloth\/\" \/>\n<meta property=\"og:locale\" content=\"en_US\" \/>\n<meta property=\"og:type\" content=\"article\" \/>\n<meta property=\"og:title\" content=\"Detail Cloth | Careclean24\" \/>\n<meta property=\"og:description\" content=\"Careclean24 Detail Cloth 400GSM 40x40cm 2,90\u20ac zum shop Careclean24 Detail Cloth 400 GSM 40x40cm &#8222;Verleihen Sie Ihrem Fahrzeug den perfekten Glanz mit dem Careclean24 Detail Cloth. Unser hochwertiges Tuch wurde speziell entwickelt, um empfindliche Unilacke sowie Metallic-Lacke schonend zu behandeln. Mit seinen zwei Seiten &#8211; einer glatten und einer mit Fasern &#8211; bietet es maximale [&hellip;]\" \/>\n<meta property=\"og:url\" content=\"https:\/\/careclean24.de\/en\/polishing-cloth\/\" \/>\n<meta property=\"og:site_name\" content=\"Careclean24\" \/>\n<meta property=\"article:publisher\" content=\"https:\/\/www.facebook.com\/careclean24\" \/>\n<meta property=\"article:modified_time\" content=\"2023-08-18T09:47:16+00:00\" \/>\n<meta property=\"og:image\" content=\"https:\/\/careclean24.de\/wp-content\/uploads\/2023\/04\/20230426_160908-scaled.jpg\" \/>\n\t<meta property=\"og:image:width\" content=\"2560\" \/>\n\t<meta property=\"og:image:height\" content=\"1920\" \/>\n\t<meta property=\"og:image:type\" content=\"image\/jpeg\" \/>\n<meta name=\"twitter:card\" content=\"summary_large_image\" \/>\n<meta name=\"twitter:label1\" content=\"Est. reading time\" \/>\n\t<meta name=\"twitter:data1\" content=\"1 minute\" \/>\n<script type=\"application\/ld+json\" class=\"yoast-schema-graph\">{\"@context\":\"https:\\\/\\\/schema.org\",\"@graph\":[{\"@type\":\"WebPage\",\"@id\":\"https:\\\/\\\/careclean24.de\\\/polishing-cloth\\\/\",\"url\":\"https:\\\/\\\/careclean24.de\\\/polishing-cloth\\\/\",\"name\":\"Detail Cloth | Careclean24\",\"isPartOf\":{\"@id\":\"https:\\\/\\\/careclean24.de\\\/#website\"},\"datePublished\":\"2023-08-16T09:03:15+00:00\",\"dateModified\":\"2023-08-18T09:47:16+00:00\",\"breadcrumb\":{\"@id\":\"https:\\\/\\\/careclean24.de\\\/polishing-cloth\\\/#breadcrumb\"},\"inLanguage\":\"en-US\",\"potentialAction\":[{\"@type\":\"ReadAction\",\"target\":[\"https:\\\/\\\/careclean24.de\\\/polishing-cloth\\\/\"]}]},{\"@type\":\"BreadcrumbList\",\"@id\":\"https:\\\/\\\/careclean24.de\\\/polishing-cloth\\\/#breadcrumb\",\"itemListElement\":[{\"@type\":\"ListItem\",\"position\":1,\"name\":\"Startseite\",\"item\":\"https:\\\/\\\/careclean24.de\\\/\"},{\"@type\":\"ListItem\",\"position\":2,\"name\":\"Detail Cloth\"}]},{\"@type\":\"WebSite\",\"@id\":\"https:\\\/\\\/careclean24.de\\\/#website\",\"url\":\"https:\\\/\\\/careclean24.de\\\/\",\"name\":\"Careclean24\",\"description\":\"Keramikversiegelung | Neuwagenversiegelung | PCS Cleaning\",\"publisher\":{\"@id\":\"https:\\\/\\\/careclean24.de\\\/#organization\"},\"potentialAction\":[{\"@type\":\"SearchAction\",\"target\":{\"@type\":\"EntryPoint\",\"urlTemplate\":\"https:\\\/\\\/careclean24.de\\\/?s={search_term_string}\"},\"query-input\":{\"@type\":\"PropertyValueSpecification\",\"valueRequired\":true,\"valueName\":\"search_term_string\"}}],\"inLanguage\":\"en-US\"},{\"@type\":\"Organization\",\"@id\":\"https:\\\/\\\/careclean24.de\\\/#organization\",\"name\":\"Careclean24\",\"url\":\"https:\\\/\\\/careclean24.de\\\/\",\"logo\":{\"@type\":\"ImageObject\",\"inLanguage\":\"en-US\",\"@id\":\"https:\\\/\\\/careclean24.de\\\/#\\\/schema\\\/logo\\\/image\\\/\",\"url\":\"https:\\\/\\\/careclean24.de\\\/wp-content\\\/uploads\\\/2021\\\/10\\\/favicon.png\",\"contentUrl\":\"https:\\\/\\\/careclean24.de\\\/wp-content\\\/uploads\\\/2021\\\/10\\\/favicon.png\",\"width\":400,\"height\":400,\"caption\":\"Careclean24\"},\"image\":{\"@id\":\"https:\\\/\\\/careclean24.de\\\/#\\\/schema\\\/logo\\\/image\\\/\"},\"sameAs\":[\"https:\\\/\\\/www.facebook.com\\\/careclean24\",\"https:\\\/\\\/www.instagram.com\\\/careclean24\"]}]}<\/script>\n<!-- \/ Yoast SEO plugin. -->","yoast_head_json":{"title":"Detail Cloth | Careclean24","robots":{"index":"index","follow":"follow","max-snippet":"max-snippet:-1","max-image-preview":"max-image-preview:large","max-video-preview":"max-video-preview:-1"},"canonical":"https:\/\/careclean24.de\/en\/polishing-cloth\/","og_locale":"en_US","og_type":"article","og_title":"Detail Cloth | Careclean24","og_description":"Careclean24 Detail Cloth 400GSM 40x40cm 2,90\u20ac zum shop Careclean24 Detail Cloth 400 GSM 40x40cm &#8222;Verleihen Sie Ihrem Fahrzeug den perfekten Glanz mit dem Careclean24 Detail Cloth. Unser hochwertiges Tuch wurde speziell entwickelt, um empfindliche Unilacke sowie Metallic-Lacke schonend zu behandeln. Mit seinen zwei Seiten &#8211; einer glatten und einer mit Fasern &#8211; bietet es maximale [&hellip;]","og_url":"https:\/\/careclean24.de\/en\/polishing-cloth\/","og_site_name":"Careclean24","article_publisher":"https:\/\/www.facebook.com\/careclean24","article_modified_time":"2023-08-18T09:47:16+00:00","og_image":[{"width":2560,"height":1920,"url":"https:\/\/careclean24.de\/wp-content\/uploads\/2023\/04\/20230426_160908-scaled.jpg","type":"image\/jpeg"}],"twitter_card":"summary_large_image","twitter_misc":{"Est. reading time":"1 minute"},"schema":{"@context":"https:\/\/schema.org","@graph":[{"@type":"WebPage","@id":"https:\/\/careclean24.de\/polishing-cloth\/","url":"https:\/\/careclean24.de\/polishing-cloth\/","name":"Detail Cloth | Careclean24","isPartOf":{"@id":"https:\/\/careclean24.de\/#website"},"datePublished":"2023-08-16T09:03:15+00:00","dateModified":"2023-08-18T09:47:16+00:00","breadcrumb":{"@id":"https:\/\/careclean24.de\/polishing-cloth\/#breadcrumb"},"inLanguage":"en-US","potentialAction":[{"@type":"ReadAction","target":["https:\/\/careclean24.de\/polishing-cloth\/"]}]},{"@type":"BreadcrumbList","@id":"https:\/\/careclean24.de\/polishing-cloth\/#breadcrumb","itemListElement":[{"@type":"ListItem","position":1,"name":"Startseite","item":"https:\/\/careclean24.de\/"},{"@type":"ListItem","position":2,"name":"Detail Cloth"}]},{"@type":"WebSite","@id":"https:\/\/careclean24.de\/#website","url":"https:\/\/careclean24.de\/","name":"Careclean24","description":"Keramikversiegelung | Neuwagenversiegelung | PCS Cleaning","publisher":{"@id":"https:\/\/careclean24.de\/#organization"},"potentialAction":[{"@type":"SearchAction","target":{"@type":"EntryPoint","urlTemplate":"https:\/\/careclean24.de\/?s={search_term_string}"},"query-input":{"@type":"PropertyValueSpecification","valueRequired":true,"valueName":"search_term_string"}}],"inLanguage":"en-US"},{"@type":"Organization","@id":"https:\/\/careclean24.de\/#organization","name":"Careclean24","url":"https:\/\/careclean24.de\/","logo":{"@type":"ImageObject","inLanguage":"en-US","@id":"https:\/\/careclean24.de\/#\/schema\/logo\/image\/","url":"https:\/\/careclean24.de\/wp-content\/uploads\/2021\/10\/favicon.png","contentUrl":"https:\/\/careclean24.de\/wp-content\/uploads\/2021\/10\/favicon.png","width":400,"height":400,"caption":"Careclean24"},"image":{"@id":"https:\/\/careclean24.de\/#\/schema\/logo\/image\/"},"sameAs":["https:\/\/www.facebook.com\/careclean24","https:\/\/www.instagram.com\/careclean24"]}]}},"_links":{"self":[{"href":"https:\/\/careclean24.de\/en\/wp-json\/wp\/v2\/pages\/15018","targetHints":{"allow":["GET"]}}],"collection":[{"href":"https:\/\/careclean24.de\/en\/wp-json\/wp\/v2\/pages"}],"about":[{"href":"https:\/\/careclean24.de\/en\/wp-json\/wp\/v2\/types\/page"}],"author":[{"embeddable":true,"href":"https:\/\/careclean24.de\/en\/wp-json\/wp\/v2\/users\/3"}],"replies":[{"embeddable":true,"href":"https:\/\/careclean24.de\/en\/wp-json\/wp\/v2\/comments?post=15018"}],"version-history":[{"count":20,"href":"https:\/\/careclean24.de\/en\/wp-json\/wp\/v2\/pages\/15018\/revisions"}],"predecessor-version":[{"id":15116,"href":"https:\/\/careclean24.de\/en\/wp-json\/wp\/v2\/pages\/15018\/revisions\/15116"}],"wp:attachment":[{"href":"https:\/\/careclean24.de\/en\/wp-json\/wp\/v2\/media?parent=15018"}],"curies":[{"name":"wp","href":"https:\/\/api.w.org\/{rel}","templated":true}]}}