{"id":15020,"date":"2023-08-16T11:03:57","date_gmt":"2023-08-16T09:03:57","guid":{"rendered":"https:\/\/careclean24.de\/?page_id=15020"},"modified":"2023-08-18T11:46:03","modified_gmt":"2023-08-18T09:46:03","slug":"detail-cloth","status":"publish","type":"page","link":"https:\/\/careclean24.de\/en\/detail-cloth\/","title":{"rendered":"Polishing Cloth"},"content":{"rendered":"<div data-elementor-type=\"wp-page\" data-elementor-id=\"15020\" class=\"elementor elementor-15020\">\n\t\t\t\t\t\t<section class=\"elementor-section elementor-top-section elementor-element elementor-element-7a27740 elementor-section-boxed elementor-section-height-default elementor-section-height-default\" data-id=\"7a27740\" data-element_type=\"section\" data-e-type=\"section\">\n\t\t\t\t\t\t<div class=\"elementor-container elementor-column-gap-default\">\n\t\t\t\t\t<div class=\"elementor-column elementor-col-100 elementor-top-column elementor-element elementor-element-f3ef4ac\" data-id=\"f3ef4ac\" data-element_type=\"column\" data-e-type=\"column\">\n\t\t\t<div class=\"elementor-widget-wrap elementor-element-populated\">\n\t\t\t\t\t\t<div class=\"elementor-element elementor-element-09993c5 elementor-widget elementor-widget-heading\" data-id=\"09993c5\" data-element_type=\"widget\" data-e-type=\"widget\" data-widget_type=\"heading.default\">\n\t\t\t\t<div class=\"elementor-widget-container\">\n\t\t\t\t\t<h2 class=\"elementor-heading-title elementor-size-default\">Add Your Heading Text Here<\/h2>\t\t\t\t<\/div>\n\t\t\t\t<\/div>\n\t\t\t\t\t<\/div>\n\t\t<\/div>\n\t\t\t\t\t<\/div>\n\t\t<\/section>\n\t\t\t\t<section class=\"elementor-section elementor-top-section elementor-element elementor-element-3a06ba05 elementor-section-full_width elementor-section-height-full elementor-section-height-default elementor-section-items-middle\" data-id=\"3a06ba05\" data-element_type=\"section\" data-e-type=\"section\" data-settings=\"{&quot;background_background&quot;:&quot;classic&quot;}\">\n\t\t\t\t\t\t\t<div class=\"elementor-background-overlay\"><\/div>\n\t\t\t\t\t\t\t<div class=\"elementor-container elementor-column-gap-default\">\n\t\t\t\t\t<div class=\"elementor-column elementor-col-100 elementor-top-column elementor-element elementor-element-7e5d5609\" data-id=\"7e5d5609\" data-element_type=\"column\" data-e-type=\"column\">\n\t\t\t<div class=\"elementor-widget-wrap elementor-element-populated\">\n\t\t\t\t\t\t<div class=\"elementor-element elementor-element-0e4e475 elementor-align-center elementor-widget elementor-widget-button\" data-id=\"0e4e475\" data-element_type=\"widget\" data-e-type=\"widget\" data-widget_type=\"button.default\">\n\t\t\t\t<div class=\"elementor-widget-container\">\n\t\t\t\t\t\t\t\t\t<div class=\"elementor-button-wrapper\">\n\t\t\t\t\t<a class=\"elementor-button elementor-button-link elementor-size-sm\" href=\"https:\/\/careclean24.de\/en\/shop\/\">\n\t\t\t\t\t\t<span class=\"elementor-button-content-wrapper\">\n\t\t\t\t\t\t\t\t\t<span class=\"elementor-button-text\">zum shop<\/span>\n\t\t\t\t\t<\/span>\n\t\t\t\t\t<\/a>\n\t\t\t\t<\/div>\n\t\t\t\t\t\t\t\t<\/div>\n\t\t\t\t<\/div>\n\t\t\t\t\t<\/div>\n\t\t<\/div>\n\t\t\t\t\t<\/div>\n\t\t<\/section>\n\t\t\t\t<section class=\"elementor-section elementor-top-section elementor-element elementor-element-86848de elementor-section-height-min-height elementor-section-boxed elementor-section-height-default elementor-section-items-middle\" data-id=\"86848de\" data-element_type=\"section\" data-e-type=\"section\">\n\t\t\t\t\t\t<div class=\"elementor-container elementor-column-gap-default\">\n\t\t\t\t\t<div class=\"elementor-column elementor-col-100 elementor-top-column elementor-element elementor-element-b6e7c78\" data-id=\"b6e7c78\" data-element_type=\"column\" data-e-type=\"column\">\n\t\t\t<div class=\"elementor-widget-wrap elementor-element-populated\">\n\t\t\t\t\t\t<div class=\"elementor-element elementor-element-e9ac6bd elementor-widget elementor-widget-heading\" data-id=\"e9ac6bd\" data-element_type=\"widget\" data-e-type=\"widget\" data-widget_type=\"heading.default\">\n\t\t\t\t<div class=\"elementor-widget-container\">\n\t\t\t\t\t<h1 class=\"elementor-heading-title elementor-size-default\">Careclean24 Polishing Cloth 500GSM 40x40cm 4,90\u20ac<\/h1>\t\t\t\t<\/div>\n\t\t\t\t<\/div>\n\t\t\t\t\t<\/div>\n\t\t<\/div>\n\t\t\t\t\t<\/div>\n\t\t<\/section>\n\t\t\t\t<section class=\"elementor-section elementor-top-section elementor-element elementor-element-b259a84 elementor-section-boxed elementor-section-height-default elementor-section-height-default\" data-id=\"b259a84\" data-element_type=\"section\" data-e-type=\"section\">\n\t\t\t\t\t\t<div class=\"elementor-container elementor-column-gap-default\">\n\t\t\t\t\t<div class=\"elementor-column elementor-col-100 elementor-top-column elementor-element elementor-element-0654008\" data-id=\"0654008\" data-element_type=\"column\" data-e-type=\"column\">\n\t\t\t<div class=\"elementor-widget-wrap elementor-element-populated\">\n\t\t\t\t\t\t<div class=\"elementor-element elementor-element-5d4bfec elementor-widget elementor-widget-text-editor\" data-id=\"5d4bfec\" data-element_type=\"widget\" data-e-type=\"widget\" data-widget_type=\"text-editor.default\">\n\t\t\t\t<div class=\"elementor-widget-container\">\n\t\t\t\t\t\t\t\t\t<p>Entdecken Sie das Careclean24 Polishing Cloth Mikrofasertuch &#8211; die perfekte L\u00f6sung, um Polierr\u00fcckst\u00e4nde schonend von Ihrem Lack zu entfernen!<\/p><p>Mit einer beeindruckenden Grammatur von 500gsm und einer Gr\u00f6\u00dfe von 40x40cm bietet unser Mikrofasertuch eine unschlagbare Qualit\u00e4t und Leistung. Es wurde speziell entwickelt, um Unilacke sowie Metallic-Lacke besonders schonend zu behandeln und gleichzeitig ein makelloses Ergebnis zu erzielen.<\/p><p>Unser Polishing Cloth ist mit hochwertigen Mikrofasern ausgestattet, die sanft \u00fcber die Oberfl\u00e4che gleiten und dabei effektiv Schmutz, Staub und Polierr\u00fcckst\u00e4nde aufnehmen. Dank der feinen Fasern hinterl\u00e4sst das Tuch keine Kratzer oder Schlieren auf Ihrem Lack, sodass Sie sich keine Sorgen um unsch\u00f6ne Spuren machen m\u00fcssen.<\/p><p>Egal, ob Sie Ihr Fahrzeug auf Hochglanz polieren oder einfach nur die letzten R\u00fcckst\u00e4nde entfernen m\u00f6chten, unser Careclean24 Polishing Cloth ist Ihr zuverl\u00e4ssiger Begleiter. Es ist \u00e4u\u00dferst langlebig und kann problemlos gewaschen und wiederverwendet werden, was Ihnen eine langfristige Nutzung erm\u00f6glicht.<\/p><p>Verabschieden Sie sich von unsch\u00f6nen Polierr\u00fcckst\u00e4nden und vertrauen Sie auf die Qualit\u00e4t des Careclean24 Polishing Cloth Mikrofasertuchs. Bestellen Sie noch heute und erleben Sie den Unterschied, den es auf Ihrem Lack macht!<\/p>\t\t\t\t\t\t\t\t<\/div>\n\t\t\t\t<\/div>\n\t\t\t\t\t<\/div>\n\t\t<\/div>\n\t\t\t\t\t<\/div>\n\t\t<\/section>\n\t\t\t\t<\/div>","protected":false},"excerpt":{"rendered":"<p>Add Your Heading Text Here zum shop Careclean24 Polishing Cloth 500GSM 40x40cm 4,90\u20ac Entdecken Sie das Careclean24 Polishing Cloth Mikrofasertuch &#8211; die perfekte L\u00f6sung, um Polierr\u00fcckst\u00e4nde schonend von Ihrem Lack zu entfernen! Mit einer beeindruckenden Grammatur von 500gsm und einer Gr\u00f6\u00dfe von 40x40cm bietet unser Mikrofasertuch eine unschlagbare Qualit\u00e4t und Leistung. Es wurde speziell entwickelt, [&hellip;]<\/p>\n","protected":false},"author":3,"featured_media":0,"parent":0,"menu_order":0,"comment_status":"closed","ping_status":"closed","template":"","meta":{"site-sidebar-layout":"no-sidebar","site-content-layout":"page-builder","ast-site-content-layout":"default","site-content-style":"default","site-sidebar-style":"default","ast-global-header-display":"","ast-banner-title-visibility":"","ast-main-header-display":"","ast-hfb-above-header-display":"","ast-hfb-below-header-display":"","ast-hfb-mobile-header-display":"","site-post-title":"disabled","ast-breadcrumbs-content":"","ast-featured-img":"disabled","footer-sml-layout":"","ast-disable-related-posts":"","theme-transparent-header-meta":"","adv-header-id-meta":"","stick-header-meta":"","header-above-stick-meta":"","header-main-stick-meta":"","header-below-stick-meta":"","astra-migrate-meta-layouts":"default","ast-page-background-enabled":"default","ast-page-background-meta":{"desktop":{"background-color":"","background-image":"","background-repeat":"repeat","background-position":"center center","background-size":"auto","background-attachment":"scroll","background-type":"","background-media":"","overlay-type":"","overlay-color":"","overlay-opacity":"","overlay-gradient":""},"tablet":{"background-color":"","background-image":"","background-repeat":"repeat","background-position":"center center","background-size":"auto","background-attachment":"scroll","background-type":"","background-media":"","overlay-type":"","overlay-color":"","overlay-opacity":"","overlay-gradient":""},"mobile":{"background-color":"","background-image":"","background-repeat":"repeat","background-position":"center center","background-size":"auto","background-attachment":"scroll","background-type":"","background-media":"","overlay-type":"","overlay-color":"","overlay-opacity":"","overlay-gradient":""}},"ast-content-background-meta":{"desktop":{"background-color":"var(--ast-global-color-5)","background-image":"","background-repeat":"repeat","background-position":"center center","background-size":"auto","background-attachment":"scroll","background-type":"","background-media":"","overlay-type":"","overlay-color":"","overlay-opacity":"","overlay-gradient":""},"tablet":{"background-color":"var(--ast-global-color-5)","background-image":"","background-repeat":"repeat","background-position":"center center","background-size":"auto","background-attachment":"scroll","background-type":"","background-media":"","overlay-type":"","overlay-color":"","overlay-opacity":"","overlay-gradient":""},"mobile":{"background-color":"var(--ast-global-color-5)","background-image":"","background-repeat":"repeat","background-position":"center center","background-size":"auto","background-attachment":"scroll","background-type":"","background-media":"","overlay-type":"","overlay-color":"","overlay-opacity":"","overlay-gradient":""}},"footnotes":""},"class_list":["post-15020","page","type-page","status-publish","hentry"],"yoast_head":"<!-- This site is optimized with the Yoast SEO plugin v27.3 - https:\/\/yoast.com\/product\/yoast-seo-wordpress\/ -->\n<title>Polishing Cloth | Careclean24<\/title>\n<meta name=\"robots\" content=\"index, follow, max-snippet:-1, max-image-preview:large, max-video-preview:-1\" \/>\n<link rel=\"canonical\" href=\"https:\/\/careclean24.de\/en\/detail-cloth\/\" \/>\n<meta property=\"og:locale\" content=\"en_US\" \/>\n<meta property=\"og:type\" content=\"article\" \/>\n<meta property=\"og:title\" content=\"Polishing Cloth | Careclean24\" \/>\n<meta property=\"og:description\" content=\"Add Your Heading Text Here zum shop Careclean24 Polishing Cloth 500GSM 40x40cm 4,90\u20ac Entdecken Sie das Careclean24 Polishing Cloth Mikrofasertuch &#8211; die perfekte L\u00f6sung, um Polierr\u00fcckst\u00e4nde schonend von Ihrem Lack zu entfernen! Mit einer beeindruckenden Grammatur von 500gsm und einer Gr\u00f6\u00dfe von 40x40cm bietet unser Mikrofasertuch eine unschlagbare Qualit\u00e4t und Leistung. Es wurde speziell entwickelt, [&hellip;]\" \/>\n<meta property=\"og:url\" content=\"https:\/\/careclean24.de\/en\/detail-cloth\/\" \/>\n<meta property=\"og:site_name\" content=\"Careclean24\" \/>\n<meta property=\"article:publisher\" content=\"https:\/\/www.facebook.com\/careclean24\" \/>\n<meta property=\"article:modified_time\" content=\"2023-08-18T09:46:03+00:00\" \/>\n<meta property=\"og:image\" content=\"https:\/\/careclean24.de\/wp-content\/uploads\/2023\/04\/20230426_160908-scaled.jpg\" \/>\n\t<meta property=\"og:image:width\" content=\"2560\" \/>\n\t<meta property=\"og:image:height\" content=\"1920\" \/>\n\t<meta property=\"og:image:type\" content=\"image\/jpeg\" \/>\n<meta name=\"twitter:card\" content=\"summary_large_image\" \/>\n<meta name=\"twitter:label1\" content=\"Est. reading time\" \/>\n\t<meta name=\"twitter:data1\" content=\"1 minute\" \/>\n<script type=\"application\/ld+json\" class=\"yoast-schema-graph\">{\"@context\":\"https:\\\/\\\/schema.org\",\"@graph\":[{\"@type\":\"WebPage\",\"@id\":\"https:\\\/\\\/careclean24.de\\\/detail-cloth\\\/\",\"url\":\"https:\\\/\\\/careclean24.de\\\/detail-cloth\\\/\",\"name\":\"Polishing Cloth | Careclean24\",\"isPartOf\":{\"@id\":\"https:\\\/\\\/careclean24.de\\\/#website\"},\"datePublished\":\"2023-08-16T09:03:57+00:00\",\"dateModified\":\"2023-08-18T09:46:03+00:00\",\"breadcrumb\":{\"@id\":\"https:\\\/\\\/careclean24.de\\\/detail-cloth\\\/#breadcrumb\"},\"inLanguage\":\"en-US\",\"potentialAction\":[{\"@type\":\"ReadAction\",\"target\":[\"https:\\\/\\\/careclean24.de\\\/detail-cloth\\\/\"]}]},{\"@type\":\"BreadcrumbList\",\"@id\":\"https:\\\/\\\/careclean24.de\\\/detail-cloth\\\/#breadcrumb\",\"itemListElement\":[{\"@type\":\"ListItem\",\"position\":1,\"name\":\"Startseite\",\"item\":\"https:\\\/\\\/careclean24.de\\\/\"},{\"@type\":\"ListItem\",\"position\":2,\"name\":\"Polishing Cloth\"}]},{\"@type\":\"WebSite\",\"@id\":\"https:\\\/\\\/careclean24.de\\\/#website\",\"url\":\"https:\\\/\\\/careclean24.de\\\/\",\"name\":\"Careclean24\",\"description\":\"Keramikversiegelung | Neuwagenversiegelung | PCS Cleaning\",\"publisher\":{\"@id\":\"https:\\\/\\\/careclean24.de\\\/#organization\"},\"potentialAction\":[{\"@type\":\"SearchAction\",\"target\":{\"@type\":\"EntryPoint\",\"urlTemplate\":\"https:\\\/\\\/careclean24.de\\\/?s={search_term_string}\"},\"query-input\":{\"@type\":\"PropertyValueSpecification\",\"valueRequired\":true,\"valueName\":\"search_term_string\"}}],\"inLanguage\":\"en-US\"},{\"@type\":\"Organization\",\"@id\":\"https:\\\/\\\/careclean24.de\\\/#organization\",\"name\":\"Careclean24\",\"url\":\"https:\\\/\\\/careclean24.de\\\/\",\"logo\":{\"@type\":\"ImageObject\",\"inLanguage\":\"en-US\",\"@id\":\"https:\\\/\\\/careclean24.de\\\/#\\\/schema\\\/logo\\\/image\\\/\",\"url\":\"https:\\\/\\\/careclean24.de\\\/wp-content\\\/uploads\\\/2021\\\/10\\\/favicon.png\",\"contentUrl\":\"https:\\\/\\\/careclean24.de\\\/wp-content\\\/uploads\\\/2021\\\/10\\\/favicon.png\",\"width\":400,\"height\":400,\"caption\":\"Careclean24\"},\"image\":{\"@id\":\"https:\\\/\\\/careclean24.de\\\/#\\\/schema\\\/logo\\\/image\\\/\"},\"sameAs\":[\"https:\\\/\\\/www.facebook.com\\\/careclean24\",\"https:\\\/\\\/www.instagram.com\\\/careclean24\"]}]}<\/script>\n<!-- \/ Yoast SEO plugin. -->","yoast_head_json":{"title":"Polishing Cloth | Careclean24","robots":{"index":"index","follow":"follow","max-snippet":"max-snippet:-1","max-image-preview":"max-image-preview:large","max-video-preview":"max-video-preview:-1"},"canonical":"https:\/\/careclean24.de\/en\/detail-cloth\/","og_locale":"en_US","og_type":"article","og_title":"Polishing Cloth | Careclean24","og_description":"Add Your Heading Text Here zum shop Careclean24 Polishing Cloth 500GSM 40x40cm 4,90\u20ac Entdecken Sie das Careclean24 Polishing Cloth Mikrofasertuch &#8211; die perfekte L\u00f6sung, um Polierr\u00fcckst\u00e4nde schonend von Ihrem Lack zu entfernen! Mit einer beeindruckenden Grammatur von 500gsm und einer Gr\u00f6\u00dfe von 40x40cm bietet unser Mikrofasertuch eine unschlagbare Qualit\u00e4t und Leistung. Es wurde speziell entwickelt, [&hellip;]","og_url":"https:\/\/careclean24.de\/en\/detail-cloth\/","og_site_name":"Careclean24","article_publisher":"https:\/\/www.facebook.com\/careclean24","article_modified_time":"2023-08-18T09:46:03+00:00","og_image":[{"width":2560,"height":1920,"url":"https:\/\/careclean24.de\/wp-content\/uploads\/2023\/04\/20230426_160908-scaled.jpg","type":"image\/jpeg"}],"twitter_card":"summary_large_image","twitter_misc":{"Est. reading time":"1 minute"},"schema":{"@context":"https:\/\/schema.org","@graph":[{"@type":"WebPage","@id":"https:\/\/careclean24.de\/detail-cloth\/","url":"https:\/\/careclean24.de\/detail-cloth\/","name":"Polishing Cloth | Careclean24","isPartOf":{"@id":"https:\/\/careclean24.de\/#website"},"datePublished":"2023-08-16T09:03:57+00:00","dateModified":"2023-08-18T09:46:03+00:00","breadcrumb":{"@id":"https:\/\/careclean24.de\/detail-cloth\/#breadcrumb"},"inLanguage":"en-US","potentialAction":[{"@type":"ReadAction","target":["https:\/\/careclean24.de\/detail-cloth\/"]}]},{"@type":"BreadcrumbList","@id":"https:\/\/careclean24.de\/detail-cloth\/#breadcrumb","itemListElement":[{"@type":"ListItem","position":1,"name":"Startseite","item":"https:\/\/careclean24.de\/"},{"@type":"ListItem","position":2,"name":"Polishing Cloth"}]},{"@type":"WebSite","@id":"https:\/\/careclean24.de\/#website","url":"https:\/\/careclean24.de\/","name":"Careclean24","description":"Keramikversiegelung | Neuwagenversiegelung | PCS Cleaning","publisher":{"@id":"https:\/\/careclean24.de\/#organization"},"potentialAction":[{"@type":"SearchAction","target":{"@type":"EntryPoint","urlTemplate":"https:\/\/careclean24.de\/?s={search_term_string}"},"query-input":{"@type":"PropertyValueSpecification","valueRequired":true,"valueName":"search_term_string"}}],"inLanguage":"en-US"},{"@type":"Organization","@id":"https:\/\/careclean24.de\/#organization","name":"Careclean24","url":"https:\/\/careclean24.de\/","logo":{"@type":"ImageObject","inLanguage":"en-US","@id":"https:\/\/careclean24.de\/#\/schema\/logo\/image\/","url":"https:\/\/careclean24.de\/wp-content\/uploads\/2021\/10\/favicon.png","contentUrl":"https:\/\/careclean24.de\/wp-content\/uploads\/2021\/10\/favicon.png","width":400,"height":400,"caption":"Careclean24"},"image":{"@id":"https:\/\/careclean24.de\/#\/schema\/logo\/image\/"},"sameAs":["https:\/\/www.facebook.com\/careclean24","https:\/\/www.instagram.com\/careclean24"]}]}},"_links":{"self":[{"href":"https:\/\/careclean24.de\/en\/wp-json\/wp\/v2\/pages\/15020","targetHints":{"allow":["GET"]}}],"collection":[{"href":"https:\/\/careclean24.de\/en\/wp-json\/wp\/v2\/pages"}],"about":[{"href":"https:\/\/careclean24.de\/en\/wp-json\/wp\/v2\/types\/page"}],"author":[{"embeddable":true,"href":"https:\/\/careclean24.de\/en\/wp-json\/wp\/v2\/users\/3"}],"replies":[{"embeddable":true,"href":"https:\/\/careclean24.de\/en\/wp-json\/wp\/v2\/comments?post=15020"}],"version-history":[{"count":50,"href":"https:\/\/careclean24.de\/en\/wp-json\/wp\/v2\/pages\/15020\/revisions"}],"predecessor-version":[{"id":15115,"href":"https:\/\/careclean24.de\/en\/wp-json\/wp\/v2\/pages\/15020\/revisions\/15115"}],"wp:attachment":[{"href":"https:\/\/careclean24.de\/en\/wp-json\/wp\/v2\/media?parent=15020"}],"curies":[{"name":"wp","href":"https:\/\/api.w.org\/{rel}","templated":true}]}}