{"id":14357,"date":"2022-07-19T13:41:43","date_gmt":"2022-07-19T11:41:43","guid":{"rendered":"https:\/\/careclean24.de\/?post_type=product&#038;p=14357"},"modified":"2023-07-22T10:46:00","modified_gmt":"2023-07-22T08:46:00","slug":"careclean24-polishing-cloth","status":"publish","type":"product","link":"https:\/\/careclean24.de\/en\/shop\/careclean24-polishing-cloth\/","title":{"rendered":"Careclean24 Poliertuch 500 GSM 40&#215;40"},"content":{"rendered":"<p><strong>Careclean24 Polishing Cloth<\/strong><\/p>\n<p>Das Careclean24 Premium Polishing Cloth ist aus der Not heraus entstanden.<\/p>\n<p>Wir haben nahezu alle Mikrofasert\u00fccher getestet, um ein perfektes Finish bei Uni lackierten Fahrzeugoberfl\u00e4chen zu erzielen. Doch leider konnte keines dieser T\u00fccher unseren Anspr\u00fcchen und Erwartungen gerecht werden.<\/p>\n<p>Daher haben wir kurzerhand ein Mikrofasertuch entwickelt, welches genau unsere Kriterien erf\u00fcllt, um ein perfektes Finish bei Uni lackierten Lackoberfl\u00e4chen zu schaffen \u2013 vollkommen ohne Swirls und Mikrokratzern nach dem Abtragen der Politur.<\/p>\n<p>Dieses Produkt m\u00f6chten wir DIR und Deinem Liebling nat\u00fcrlich nicht vorenthalten, deshalb kann man es ab sofort in unserem Onlineshop bestellen.<\/p>\n<p><strong>Einfache Anwendung und immer wieder verwendbar<\/strong><\/p>\n<p>Careclean24 Sensitive Polishing Cloth l\u00e4sst sich immer wieder verwenden. Dazu kannst du es bei bis zu 60 Grad in der Waschmaschine reinigen und somit die Fasern von Schmutz befreien. Allerdings solltest du das Tuch weder b\u00fcgeln, noch im Trockner trocknen. Dadurch kann die Struktur der Fasern kaputt gehen. H\u00e4nge das gereinigte Careclean24 Sensitive Polishing Cloth stattdessen auf die W\u00e4scheleine und lasse es dort bei frischer Luft trocknen. Auch auf Weichsp\u00fcler und chemische Reiniger solltest du bei der S\u00e4uberung des Detail Dope Tuchs aus feinen Mikrofasern verzichten. Damit setzen sich die feinen Poren des Gewebes zu, so dass auch hier eine verk\u00fcrzte Lebenszeit eintritt. Durch die mehrmalige Nutzung leistet du auch einen Beitrag zum Umweltschutz. Solltest du noch weitere Fragen zur Anwendung des Dope Fibers Detail Dope Tuchs haben, kontaktiere uns gerne.<\/p>","protected":false},"excerpt":{"rendered":"<p>Careclean24 Polishing Cloth Das Careclean24 Premium Polishing Cloth ist aus der Not heraus entstanden. Wir haben nahezu alle Mikrofasert\u00fccher getestet, um ein perfektes Finish bei Uni lackierten Fahrzeugoberfl\u00e4chen zu erzielen. Doch leider konnte keines dieser T\u00fccher unseren Anspr\u00fcchen und Erwartungen gerecht werden. Daher haben wir kurzerhand ein Mikrofasertuch entwickelt, welches genau unsere Kriterien erf\u00fcllt, um [&hellip;]<\/p>\n","protected":false},"featured_media":14953,"comment_status":"open","ping_status":"closed","template":"","meta":{"site-sidebar-layout":"default","site-content-layout":"default","ast-site-content-layout":"default","site-content-style":"default","site-sidebar-style":"default","ast-global-header-display":"","ast-banner-title-visibility":"","ast-main-header-display":"","ast-hfb-above-header-display":"","ast-hfb-below-header-display":"","ast-hfb-mobile-header-display":"","site-post-title":"","ast-breadcrumbs-content":"","ast-featured-img":"","footer-sml-layout":"","ast-disable-related-posts":"","theme-transparent-header-meta":"default","adv-header-id-meta":"","stick-header-meta":"","header-above-stick-meta":"","header-main-stick-meta":"","header-below-stick-meta":"","astra-migrate-meta-layouts":"default","ast-page-background-enabled":"default","ast-page-background-meta":{"desktop":{"background-color":"","background-image":"","background-repeat":"repeat","background-position":"center center","background-size":"auto","background-attachment":"scroll","background-type":"","background-media":"","overlay-type":"","overlay-color":"","overlay-opacity":"","overlay-gradient":""},"tablet":{"background-color":"","background-image":"","background-repeat":"repeat","background-position":"center center","background-size":"auto","background-attachment":"scroll","background-type":"","background-media":"","overlay-type":"","overlay-color":"","overlay-opacity":"","overlay-gradient":""},"mobile":{"background-color":"","background-image":"","background-repeat":"repeat","background-position":"center center","background-size":"auto","background-attachment":"scroll","background-type":"","background-media":"","overlay-type":"","overlay-color":"","overlay-opacity":"","overlay-gradient":""}},"ast-content-background-meta":{"desktop":{"background-color":"var(--ast-global-color-5)","background-image":"","background-repeat":"repeat","background-position":"center center","background-size":"auto","background-attachment":"scroll","background-type":"","background-media":"","overlay-type":"","overlay-color":"","overlay-opacity":"","overlay-gradient":""},"tablet":{"background-color":"var(--ast-global-color-5)","background-image":"","background-repeat":"repeat","background-position":"center center","background-size":"auto","background-attachment":"scroll","background-type":"","background-media":"","overlay-type":"","overlay-color":"","overlay-opacity":"","overlay-gradient":""},"mobile":{"background-color":"var(--ast-global-color-5)","background-image":"","background-repeat":"repeat","background-position":"center center","background-size":"auto","background-attachment":"scroll","background-type":"","background-media":"","overlay-type":"","overlay-color":"","overlay-opacity":"","overlay-gradient":""}}},"product_brand":[],"product_cat":[393],"product_tag":[],"class_list":{"0":"post-14357","1":"product","2":"type-product","3":"status-publish","4":"has-post-thumbnail","6":"product_cat-poliertuecher","7":"desktop-align-left","8":"tablet-align-left","9":"mobile-align-left","11":"first","12":"instock","13":"taxable","14":"shipping-taxable","15":"purchasable","16":"product-type-simple"},"yoast_head":"<!-- This site is optimized with the Yoast SEO plugin v27.3 - https:\/\/yoast.com\/product\/yoast-seo-wordpress\/ -->\n<title>Careclean24 Poliertuch 500 GSM 40x40 | Careclean24<\/title>\n<meta name=\"robots\" content=\"index, follow, max-snippet:-1, max-image-preview:large, max-video-preview:-1\" \/>\n<link rel=\"canonical\" href=\"https:\/\/careclean24.de\/en\/shop\/careclean24-polishing-cloth\/\" \/>\n<meta property=\"og:locale\" content=\"en_US\" \/>\n<meta property=\"og:type\" content=\"article\" \/>\n<meta property=\"og:title\" content=\"Careclean24 Poliertuch 500 GSM 40x40 | Careclean24\" \/>\n<meta property=\"og:description\" content=\"Careclean24 Polishing Cloth Das Careclean24 Premium Polishing Cloth ist aus der Not heraus entstanden. Wir haben nahezu alle Mikrofasert\u00fccher getestet, um ein perfektes Finish bei Uni lackierten Fahrzeugoberfl\u00e4chen zu erzielen. Doch leider konnte keines dieser T\u00fccher unseren Anspr\u00fcchen und Erwartungen gerecht werden. Daher haben wir kurzerhand ein Mikrofasertuch entwickelt, welches genau unsere Kriterien erf\u00fcllt, um [&hellip;]\" \/>\n<meta property=\"og:url\" content=\"https:\/\/careclean24.de\/en\/shop\/careclean24-polishing-cloth\/\" \/>\n<meta property=\"og:site_name\" content=\"Careclean24\" \/>\n<meta property=\"article:publisher\" content=\"https:\/\/www.facebook.com\/careclean24\" \/>\n<meta property=\"article:modified_time\" content=\"2023-07-22T08:46:00+00:00\" \/>\n<meta property=\"og:image\" content=\"https:\/\/careclean24.de\/wp-content\/uploads\/2022\/07\/Polishing_Cloth.jpg\" \/>\n\t<meta property=\"og:image:width\" content=\"1772\" \/>\n\t<meta property=\"og:image:height\" content=\"1772\" \/>\n\t<meta property=\"og:image:type\" content=\"image\/jpeg\" \/>\n<meta name=\"twitter:card\" content=\"summary_large_image\" \/>\n<meta name=\"twitter:label1\" content=\"Est. reading time\" \/>\n\t<meta name=\"twitter:data1\" content=\"1 minute\" \/>\n<script type=\"application\/ld+json\" class=\"yoast-schema-graph\">{\"@context\":\"https:\\\/\\\/schema.org\",\"@graph\":[{\"@type\":\"WebPage\",\"@id\":\"https:\\\/\\\/careclean24.de\\\/shop\\\/careclean24-polishing-cloth\\\/\",\"url\":\"https:\\\/\\\/careclean24.de\\\/shop\\\/careclean24-polishing-cloth\\\/\",\"name\":\"Careclean24 Poliertuch 500 GSM 40x40 | Careclean24\",\"isPartOf\":{\"@id\":\"https:\\\/\\\/careclean24.de\\\/#website\"},\"primaryImageOfPage\":{\"@id\":\"https:\\\/\\\/careclean24.de\\\/shop\\\/careclean24-polishing-cloth\\\/#primaryimage\"},\"image\":{\"@id\":\"https:\\\/\\\/careclean24.de\\\/shop\\\/careclean24-polishing-cloth\\\/#primaryimage\"},\"thumbnailUrl\":\"https:\\\/\\\/careclean24.de\\\/wp-content\\\/uploads\\\/2022\\\/07\\\/20220923_081640-scaled.jpg\",\"datePublished\":\"2022-07-19T11:41:43+00:00\",\"dateModified\":\"2023-07-22T08:46:00+00:00\",\"breadcrumb\":{\"@id\":\"https:\\\/\\\/careclean24.de\\\/shop\\\/careclean24-polishing-cloth\\\/#breadcrumb\"},\"inLanguage\":\"en-US\",\"potentialAction\":[{\"@type\":\"ReadAction\",\"target\":[\"https:\\\/\\\/careclean24.de\\\/shop\\\/careclean24-polishing-cloth\\\/\"]}]},{\"@type\":\"ImageObject\",\"inLanguage\":\"en-US\",\"@id\":\"https:\\\/\\\/careclean24.de\\\/shop\\\/careclean24-polishing-cloth\\\/#primaryimage\",\"url\":\"https:\\\/\\\/careclean24.de\\\/wp-content\\\/uploads\\\/2022\\\/07\\\/20220923_081640-scaled.jpg\",\"contentUrl\":\"https:\\\/\\\/careclean24.de\\\/wp-content\\\/uploads\\\/2022\\\/07\\\/20220923_081640-scaled.jpg\",\"width\":2560,\"height\":1920},{\"@type\":\"BreadcrumbList\",\"@id\":\"https:\\\/\\\/careclean24.de\\\/shop\\\/careclean24-polishing-cloth\\\/#breadcrumb\",\"itemListElement\":[{\"@type\":\"ListItem\",\"position\":1,\"name\":\"Startseite\",\"item\":\"https:\\\/\\\/careclean24.de\\\/\"},{\"@type\":\"ListItem\",\"position\":2,\"name\":\"Shop\",\"item\":\"https:\\\/\\\/careclean24.de\\\/shop\\\/\"},{\"@type\":\"ListItem\",\"position\":3,\"name\":\"Careclean24 Polishing Cloth\"}]},{\"@type\":\"WebSite\",\"@id\":\"https:\\\/\\\/careclean24.de\\\/#website\",\"url\":\"https:\\\/\\\/careclean24.de\\\/\",\"name\":\"Careclean24\",\"description\":\"Keramikversiegelung | Neuwagenversiegelung | PCS Cleaning\",\"publisher\":{\"@id\":\"https:\\\/\\\/careclean24.de\\\/#organization\"},\"potentialAction\":[{\"@type\":\"SearchAction\",\"target\":{\"@type\":\"EntryPoint\",\"urlTemplate\":\"https:\\\/\\\/careclean24.de\\\/?s={search_term_string}\"},\"query-input\":{\"@type\":\"PropertyValueSpecification\",\"valueRequired\":true,\"valueName\":\"search_term_string\"}}],\"inLanguage\":\"en-US\"},{\"@type\":\"Organization\",\"@id\":\"https:\\\/\\\/careclean24.de\\\/#organization\",\"name\":\"Careclean24\",\"url\":\"https:\\\/\\\/careclean24.de\\\/\",\"logo\":{\"@type\":\"ImageObject\",\"inLanguage\":\"en-US\",\"@id\":\"https:\\\/\\\/careclean24.de\\\/#\\\/schema\\\/logo\\\/image\\\/\",\"url\":\"https:\\\/\\\/careclean24.de\\\/wp-content\\\/uploads\\\/2021\\\/10\\\/favicon.png\",\"contentUrl\":\"https:\\\/\\\/careclean24.de\\\/wp-content\\\/uploads\\\/2021\\\/10\\\/favicon.png\",\"width\":400,\"height\":400,\"caption\":\"Careclean24\"},\"image\":{\"@id\":\"https:\\\/\\\/careclean24.de\\\/#\\\/schema\\\/logo\\\/image\\\/\"},\"sameAs\":[\"https:\\\/\\\/www.facebook.com\\\/careclean24\",\"https:\\\/\\\/www.instagram.com\\\/careclean24\"]}]}<\/script>\n<!-- \/ Yoast SEO plugin. -->","yoast_head_json":{"title":"Careclean24 Poliertuch 500 GSM 40x40 | Careclean24","robots":{"index":"index","follow":"follow","max-snippet":"max-snippet:-1","max-image-preview":"max-image-preview:large","max-video-preview":"max-video-preview:-1"},"canonical":"https:\/\/careclean24.de\/en\/shop\/careclean24-polishing-cloth\/","og_locale":"en_US","og_type":"article","og_title":"Careclean24 Poliertuch 500 GSM 40x40 | Careclean24","og_description":"Careclean24 Polishing Cloth Das Careclean24 Premium Polishing Cloth ist aus der Not heraus entstanden. Wir haben nahezu alle Mikrofasert\u00fccher getestet, um ein perfektes Finish bei Uni lackierten Fahrzeugoberfl\u00e4chen zu erzielen. Doch leider konnte keines dieser T\u00fccher unseren Anspr\u00fcchen und Erwartungen gerecht werden. Daher haben wir kurzerhand ein Mikrofasertuch entwickelt, welches genau unsere Kriterien erf\u00fcllt, um [&hellip;]","og_url":"https:\/\/careclean24.de\/en\/shop\/careclean24-polishing-cloth\/","og_site_name":"Careclean24","article_publisher":"https:\/\/www.facebook.com\/careclean24","article_modified_time":"2023-07-22T08:46:00+00:00","og_image":[{"width":1772,"height":1772,"url":"https:\/\/careclean24.de\/wp-content\/uploads\/2022\/07\/Polishing_Cloth.jpg","type":"image\/jpeg"}],"twitter_card":"summary_large_image","twitter_misc":{"Est. reading time":"1 minute"},"schema":{"@context":"https:\/\/schema.org","@graph":[{"@type":"WebPage","@id":"https:\/\/careclean24.de\/shop\/careclean24-polishing-cloth\/","url":"https:\/\/careclean24.de\/shop\/careclean24-polishing-cloth\/","name":"Careclean24 Poliertuch 500 GSM 40x40 | Careclean24","isPartOf":{"@id":"https:\/\/careclean24.de\/#website"},"primaryImageOfPage":{"@id":"https:\/\/careclean24.de\/shop\/careclean24-polishing-cloth\/#primaryimage"},"image":{"@id":"https:\/\/careclean24.de\/shop\/careclean24-polishing-cloth\/#primaryimage"},"thumbnailUrl":"https:\/\/careclean24.de\/wp-content\/uploads\/2022\/07\/20220923_081640-scaled.jpg","datePublished":"2022-07-19T11:41:43+00:00","dateModified":"2023-07-22T08:46:00+00:00","breadcrumb":{"@id":"https:\/\/careclean24.de\/shop\/careclean24-polishing-cloth\/#breadcrumb"},"inLanguage":"en-US","potentialAction":[{"@type":"ReadAction","target":["https:\/\/careclean24.de\/shop\/careclean24-polishing-cloth\/"]}]},{"@type":"ImageObject","inLanguage":"en-US","@id":"https:\/\/careclean24.de\/shop\/careclean24-polishing-cloth\/#primaryimage","url":"https:\/\/careclean24.de\/wp-content\/uploads\/2022\/07\/20220923_081640-scaled.jpg","contentUrl":"https:\/\/careclean24.de\/wp-content\/uploads\/2022\/07\/20220923_081640-scaled.jpg","width":2560,"height":1920},{"@type":"BreadcrumbList","@id":"https:\/\/careclean24.de\/shop\/careclean24-polishing-cloth\/#breadcrumb","itemListElement":[{"@type":"ListItem","position":1,"name":"Startseite","item":"https:\/\/careclean24.de\/"},{"@type":"ListItem","position":2,"name":"Shop","item":"https:\/\/careclean24.de\/shop\/"},{"@type":"ListItem","position":3,"name":"Careclean24 Polishing Cloth"}]},{"@type":"WebSite","@id":"https:\/\/careclean24.de\/#website","url":"https:\/\/careclean24.de\/","name":"Careclean24","description":"Keramikversiegelung | Neuwagenversiegelung | PCS Cleaning","publisher":{"@id":"https:\/\/careclean24.de\/#organization"},"potentialAction":[{"@type":"SearchAction","target":{"@type":"EntryPoint","urlTemplate":"https:\/\/careclean24.de\/?s={search_term_string}"},"query-input":{"@type":"PropertyValueSpecification","valueRequired":true,"valueName":"search_term_string"}}],"inLanguage":"en-US"},{"@type":"Organization","@id":"https:\/\/careclean24.de\/#organization","name":"Careclean24","url":"https:\/\/careclean24.de\/","logo":{"@type":"ImageObject","inLanguage":"en-US","@id":"https:\/\/careclean24.de\/#\/schema\/logo\/image\/","url":"https:\/\/careclean24.de\/wp-content\/uploads\/2021\/10\/favicon.png","contentUrl":"https:\/\/careclean24.de\/wp-content\/uploads\/2021\/10\/favicon.png","width":400,"height":400,"caption":"Careclean24"},"image":{"@id":"https:\/\/careclean24.de\/#\/schema\/logo\/image\/"},"sameAs":["https:\/\/www.facebook.com\/careclean24","https:\/\/www.instagram.com\/careclean24"]}]}},"_links":{"self":[{"href":"https:\/\/careclean24.de\/en\/wp-json\/wp\/v2\/product\/14357","targetHints":{"allow":["GET"]}}],"collection":[{"href":"https:\/\/careclean24.de\/en\/wp-json\/wp\/v2\/product"}],"about":[{"href":"https:\/\/careclean24.de\/en\/wp-json\/wp\/v2\/types\/product"}],"replies":[{"embeddable":true,"href":"https:\/\/careclean24.de\/en\/wp-json\/wp\/v2\/comments?post=14357"}],"wp:featuredmedia":[{"embeddable":true,"href":"https:\/\/careclean24.de\/en\/wp-json\/wp\/v2\/media\/14953"}],"wp:attachment":[{"href":"https:\/\/careclean24.de\/en\/wp-json\/wp\/v2\/media?parent=14357"}],"wp:term":[{"taxonomy":"product_brand","embeddable":true,"href":"https:\/\/careclean24.de\/en\/wp-json\/wp\/v2\/product_brand?post=14357"},{"taxonomy":"product_cat","embeddable":true,"href":"https:\/\/careclean24.de\/en\/wp-json\/wp\/v2\/product_cat?post=14357"},{"taxonomy":"product_tag","embeddable":true,"href":"https:\/\/careclean24.de\/en\/wp-json\/wp\/v2\/product_tag?post=14357"}],"curies":[{"name":"wp","href":"https:\/\/api.w.org\/{rel}","templated":true}]}}